{"id":6260,"date":"2026-03-10T04:52:03","date_gmt":"2026-03-10T07:52:03","guid":{"rendered":"https:\/\/www.ollagua.com\/?page_id=6260"},"modified":"2026-04-14T11:21:34","modified_gmt":"2026-04-14T09:21:34","slug":"notas-legais","status":"publish","type":"page","link":"https:\/\/www.ollagua.com\/pt\/notas-legais","title":{"rendered":"Notas Legais"},"content":{"rendered":"\n<div class=\"wp-block-getwid-section getwid-anim fadeInUpShort\" data-wow-duration=\"1500ms\" data-wow-delay=\"200ms\"><div class=\"wp-block-getwid-section__wrapper\"><div class=\"wp-block-getwid-section__inner-wrapper\"><div class=\"wp-block-getwid-section__background-holder\"><div class=\"wp-block-getwid-section__background\"><\/div><div class=\"wp-block-getwid-section__foreground\"><\/div><\/div><div class=\"wp-block-getwid-section__content\"><div class=\"wp-block-getwid-section__inner-content\">\n<p>O site da Ollagua, acess\u00edvel nos seguintes endere\u00e7os: <a href=\"https:\/\/www.ollagua.com\/pt\/\" type=\"page\" id=\"26\">www.ollagua.com\/pt\/<\/a>, <a href=\"https:\/\/www.ollagua.com\/pt\/\" type=\"page\" id=\"26\">www.ollagua.net<\/a> e <a href=\"https:\/\/www.ollagua.com\/pt\/\" type=\"page\" id=\"26\">www.ollagua.com.ar<\/a>, destina-se \u00e0 informa\u00e7\u00e3o pessoal dos usu\u00e1rios da Internet que o utilizam. O acesso e a utiliza\u00e7\u00e3o do Site est\u00e3o sujeitos \u00e0s presentes \u201cNotas Legais\u201d detalhadas a seguir, bem como \u00e0s leis e\/ou regulamentos aplic\u00e1veis. A conex\u00e3o e o acesso a este Site implicam a aceita\u00e7\u00e3o total e sem reservas, por parte do usu\u00e1rio da Internet, de todas as disposi\u00e7\u00f5es das presentes Notas Legais.<\/p>\n\n\n\n<h2 class=\"wp-block-heading\">Artigo 1. Informa\u00e7\u00f5es legais<\/h2>\n\n\n\n<p>De acordo com o artigo 6.\u00ba da Lei n.\u00ba 2004-575, de 21 de junho de 2004, relativa \u00e0 confian\u00e7a na economia digital, este artigo define a identidade das diversas partes interessadas no \u00e2mbito da sua implementa\u00e7\u00e3o e monitoramento. Todos os usu\u00e1rios que navegam, leem, visualizam e utilizam o site da Ollagua s\u00e3o considerados usu\u00e1rios.<\/p>\n\n\n\n<h3 class=\"wp-block-heading\">Editor do site<\/h3>\n\n\n\n<p>O site da Ollagua \u00e9 publicado pela <a href=\"https:\/\/www.ollagua.com\/pt\/\">OLLAGUA<\/a>, com sede no seguinte endere\u00e7o: Santa Fe 1302, Apartamento 405, San Carlos de Bariloche, 8400 R\u00edo Negro, Argentina, e registrada sob o n\u00famero <a href=\"https:\/\/www.cuitonline.com\/detalle\/23941982379\/choquet-boris-fabrice-xavier.html\" target=\"_blank\" rel=\"noreferrer noopener\">CUIT 23-94198237-9 \u2013 I.I.B 45485305<\/a>. Telefone: (+33) 970 444 376 &#8211; Endere\u00e7o de e-mail: info@ollagua.com. O diretor da publica\u00e7\u00e3o \u00e9 <strong>Boris Choquet<\/strong>.<\/p>\n\n\n\n<h3 class=\"wp-block-heading\">Hospedagem do site<\/h3>\n\n\n\n<p>O site da Ollagua est\u00e1 hospedado na Fran\u00e7a pela empresa <a href=\"https:\/\/www.pixoset.com\/\" target=\"_blank\" title=\"Alojado por Pixoset\">Pixoset<sup>\u00ae<\/sup> Hosting<\/a>: 3, Rue des Mouettes &#8211; 17137 L&#8217;Houmeau &#8211; Fran\u00e7a, Telefone: (+33) 516 073 484.<\/p>\n\n\n\n<h3 class=\"wp-block-heading\">Cria\u00e7\u00e3o do site &amp; Cr\u00e9ditos fotogr\u00e1ficos<\/h3>\n\n\n\n<p>O site da Ollagua foi desenvolvido e \u00e9 administrado pela <a href=\"https:\/\/www.pixoset.com\/\" target=\"_blank\">Pixoset<sup>\u00ae<\/sup><\/a>: 3, Rue des Mouettes &#8211; 17137 L&#8217;Houmeau &#8211; Fran\u00e7a, Telefone (+33) 516 073 484. Todas as fotografias e imagens do site da Ollagua est\u00e3o protegidas por direitos autorais, em especial os da empresa Pixoset.<\/p>\n\n\n\n<h2 class=\"wp-block-heading\">Artigo 2. Coleta de dados do usu\u00e1rio e cumprimento da Lei de Prote\u00e7\u00e3o de Dados<\/h2>\n\n\n\n<p>O site da Ollagua est\u00e1 isento de notifica\u00e7\u00e3o \u00e0 Comiss\u00e3o Nacional de Inform\u00e1tica e Liberdades (CNIL da Fran\u00e7a), na medida em que n\u00e3o coleta quaisquer dados dos usu\u00e1rios.<\/p>\n\n\n\n<h2 class=\"wp-block-heading\">Artigo 3. Pol\u00edtica de cookies<\/h2>\n\n\n\n<p>O site da Ollagua utiliza &#8220;cookies&#8221; que permitem processar estat\u00edsticas e informa\u00e7\u00f5es sobre o tr\u00e1fego, a fim de facilitar a navega\u00e7\u00e3o e melhorar o servi\u00e7o para o conforto do usu\u00e1rio, que pode impedir o armazenamento desses &#8220;cookies&#8221; configurando o software do seu navegador.<\/p>\n\n\n\n<h2 class=\"wp-block-heading\">Artigo 4. Propriedade intelectual<\/h2>\n\n\n\n<p>Todo o conte\u00fado deste site (imagens, v\u00eddeos, \u00e1udio, texto&#8230;) est\u00e1 protegido pelas leis vigentes na Fran\u00e7a no \u00e2mbito da propriedade intelectual e, em particular, pelos direitos autorais, direitos conexos e direito de marcas. Todos os direitos de reprodu\u00e7\u00e3o s\u00e3o reservados, incluindo os documentos para download e as representa\u00e7\u00f5es iconogr\u00e1ficas e fotogr\u00e1ficas. Sem a autoriza\u00e7\u00e3o expressa de Boris Choquet e da empresa de web design Pixoset<sup>\u00ae<\/sup> na Fran\u00e7a, \u00e9 estritamente proibido utilizar tal conte\u00fado e, em particular, reproduzi-lo, represent\u00e1-lo, modific\u00e1-lo ou adapt\u00e1-lo, no todo ou em parte.<\/p>\n\n\n\n<h2 class=\"wp-block-heading\">Artigo 5. Contato<\/h2>\n\n\n\n<p>Para qualquer den\u00fancia de conte\u00fado ou atividades il\u00edcitas, o Usu\u00e1rio pode entrar em contato com o Editor pelo seguinte endere\u00e7o: info@ollagua.com ou por correio com aviso de recebimento, endere\u00e7ado ao Editor, para os dados de contato especificados no artigo 1.<\/p>\n<\/div><\/div><\/div><\/div><\/div>\n","protected":false},"excerpt":{"rendered":"<p>Do site da Ollagua<\/p>\n","protected":false},"author":1,"featured_media":6567,"parent":0,"menu_order":0,"comment_status":"closed","ping_status":"closed","template":"template-canvas-header-wide-page.php","meta":{"inline_featured_image":false,"footnotes":""},"class_list":["post-6260","page","type-page","status-publish","has-post-thumbnail","hentry"],"yoast_head":"<title>Notas Legais - OLLAGUA<\/title>\n<meta name=\"description\" content=\"Notas legais do site da Ollagua, aluguel de temporada de acomoda\u00e7\u00f5es em Bariloche, Patag\u00f4nia Argentina\" \/>\n<meta name=\"robots\" content=\"index, follow, max-snippet:-1, max-image-preview:large, max-video-preview:-1\" \/>\n<link rel=\"canonical\" href=\"https:\/\/www.ollagua.com\/pt\/notas-legais\" \/>\n<meta property=\"og:locale\" content=\"pt_BR\" \/>\n<meta property=\"og:type\" content=\"article\" \/>\n<meta property=\"og:title\" content=\"Notas Legais - OLLAGUA\" \/>\n<meta property=\"og:description\" content=\"Notas legais do site da Ollagua, aluguel de temporada de acomoda\u00e7\u00f5es em Bariloche, Patag\u00f4nia Argentina\" \/>\n<meta property=\"og:url\" content=\"https:\/\/www.ollagua.com\/pt\/notas-legais\" \/>\n<meta property=\"og:site_name\" content=\"OLLAGUA\" \/>\n<meta property=\"article:publisher\" content=\"https:\/\/www.facebook.com\/profile.php?id=100064207022827\" \/>\n<meta property=\"article:modified_time\" content=\"2026-04-14T09:21:34+00:00\" \/>\n<meta property=\"og:image\" content=\"https:\/\/www.ollagua.com\/pt\/medias\/sites\/3\/2026\/03\/lago-moreno-bariloche-patagonia.webp\" \/>\n\t<meta property=\"og:image:width\" content=\"1920\" \/>\n\t<meta property=\"og:image:height\" content=\"860\" \/>\n\t<meta property=\"og:image:type\" content=\"image\/webp\" \/>\n<meta name=\"twitter:card\" content=\"summary_large_image\" \/>\n<meta name=\"twitter:label1\" content=\"Est. tempo de leitura\" \/>\n\t<meta name=\"twitter:data1\" content=\"3 minutos\" \/>\n<script type=\"application\/ld+json\">{\"@context\":\"https:\\\/\\\/schema.org\",\"@graph\":[{\"@type\":\"WebPage\",\"@id\":\"https:\\\/\\\/www.ollagua.com\\\/pt\\\/notas-legais\",\"url\":\"https:\\\/\\\/www.ollagua.com\\\/pt\\\/notas-legais\",\"name\":\"Notas Legais - OLLAGUA\",\"isPartOf\":{\"@id\":\"https:\\\/\\\/www.ollagua.com\\\/pt\\\/#website\"},\"primaryImageOfPage\":{\"@id\":\"https:\\\/\\\/www.ollagua.com\\\/pt\\\/notas-legais#primaryimage\"},\"image\":{\"@id\":\"https:\\\/\\\/www.ollagua.com\\\/pt\\\/notas-legais#primaryimage\"},\"thumbnailUrl\":\"https:\\\/\\\/www.ollagua.com\\\/pt\\\/medias\\\/sites\\\/3\\\/2026\\\/03\\\/lago-moreno-bariloche-patagonia.webp\",\"datePublished\":\"2026-03-10T07:52:03+00:00\",\"dateModified\":\"2026-04-14T09:21:34+00:00\",\"description\":\"Notas legais do site da Ollagua, aluguel de temporada de acomoda\u00e7\u00f5es em Bariloche, Patag\u00f4nia Argentina\",\"breadcrumb\":{\"@id\":\"https:\\\/\\\/www.ollagua.com\\\/pt\\\/notas-legais#breadcrumb\"},\"inLanguage\":\"pt-BR\",\"potentialAction\":[{\"@type\":\"ReadAction\",\"target\":[\"https:\\\/\\\/www.ollagua.com\\\/pt\\\/notas-legais\"]}]},{\"@type\":\"ImageObject\",\"inLanguage\":\"pt-BR\",\"@id\":\"https:\\\/\\\/www.ollagua.com\\\/pt\\\/notas-legais#primaryimage\",\"url\":\"https:\\\/\\\/www.ollagua.com\\\/pt\\\/medias\\\/sites\\\/3\\\/2026\\\/03\\\/lago-moreno-bariloche-patagonia.webp\",\"contentUrl\":\"https:\\\/\\\/www.ollagua.com\\\/pt\\\/medias\\\/sites\\\/3\\\/2026\\\/03\\\/lago-moreno-bariloche-patagonia.webp\",\"width\":1920,\"height\":860,\"caption\":\"Lago Moreno, Bariloche, Patag\u00f4nia\"},{\"@type\":\"BreadcrumbList\",\"@id\":\"https:\\\/\\\/www.ollagua.com\\\/pt\\\/notas-legais#breadcrumb\",\"itemListElement\":[{\"@type\":\"ListItem\",\"position\":1,\"name\":\"OLLAGUA\",\"item\":\"https:\\\/\\\/www.ollagua.com\\\/pt\\\/\"},{\"@type\":\"ListItem\",\"position\":2,\"name\":\"Notas Legais\"}]},{\"@type\":\"WebSite\",\"@id\":\"https:\\\/\\\/www.ollagua.com\\\/pt\\\/#website\",\"url\":\"https:\\\/\\\/www.ollagua.com\\\/pt\\\/\",\"name\":\"OLLAGUA\",\"description\":\"Suas pr\u00f3ximas f\u00e9rias\",\"publisher\":{\"@id\":\"https:\\\/\\\/www.ollagua.com\\\/pt\\\/#organization\"},\"alternateName\":\"Bela vista\",\"potentialAction\":[{\"@type\":\"SearchAction\",\"target\":{\"@type\":\"EntryPoint\",\"urlTemplate\":\"https:\\\/\\\/www.ollagua.com\\\/pt\\\/?s={search_term_string}\"},\"query-input\":{\"@type\":\"PropertyValueSpecification\",\"valueRequired\":true,\"valueName\":\"search_term_string\"}}],\"inLanguage\":\"pt-BR\"},{\"@type\":\"Organization\",\"@id\":\"https:\\\/\\\/www.ollagua.com\\\/pt\\\/#organization\",\"name\":\"OLLAGUA\",\"alternateName\":\"Bela vista\",\"url\":\"https:\\\/\\\/www.ollagua.com\\\/pt\\\/\",\"logo\":{\"@type\":\"ImageObject\",\"inLanguage\":\"pt-BR\",\"@id\":\"https:\\\/\\\/www.ollagua.com\\\/pt\\\/#\\\/schema\\\/logo\\\/image\\\/\",\"url\":\"https:\\\/\\\/www.ollagua.com\\\/pt\\\/medias\\\/sites\\\/3\\\/2026\\\/03\\\/Logo_Ollagua_Header-1.png\",\"contentUrl\":\"https:\\\/\\\/www.ollagua.com\\\/pt\\\/medias\\\/sites\\\/3\\\/2026\\\/03\\\/Logo_Ollagua_Header-1.png\",\"width\":150,\"height\":50,\"caption\":\"OLLAGUA\"},\"image\":{\"@id\":\"https:\\\/\\\/www.ollagua.com\\\/pt\\\/#\\\/schema\\\/logo\\\/image\\\/\"},\"sameAs\":[\"https:\\\/\\\/www.facebook.com\\\/profile.php?id=100064207022827\"]}]}<\/script>","yoast_head_json":{"title":"Notas Legais - OLLAGUA","description":"Notas legais do site da Ollagua, aluguel de temporada de acomoda\u00e7\u00f5es em Bariloche, Patag\u00f4nia Argentina","robots":{"index":"index","follow":"follow","max-snippet":"max-snippet:-1","max-image-preview":"max-image-preview:large","max-video-preview":"max-video-preview:-1"},"canonical":"https:\/\/www.ollagua.com\/pt\/notas-legais","og_locale":"pt_BR","og_type":"article","og_title":"Notas Legais - OLLAGUA","og_description":"Notas legais do site da Ollagua, aluguel de temporada de acomoda\u00e7\u00f5es em Bariloche, Patag\u00f4nia Argentina","og_url":"https:\/\/www.ollagua.com\/pt\/notas-legais","og_site_name":"OLLAGUA","article_publisher":"https:\/\/www.facebook.com\/profile.php?id=100064207022827","article_modified_time":"2026-04-14T09:21:34+00:00","og_image":[{"width":1920,"height":860,"url":"https:\/\/www.ollagua.com\/pt\/medias\/sites\/3\/2026\/03\/lago-moreno-bariloche-patagonia.webp","type":"image\/webp"}],"twitter_card":"summary_large_image","twitter_misc":{"Est. tempo de leitura":"3 minutos"},"schema":{"@context":"https:\/\/schema.org","@graph":[{"@type":"WebPage","@id":"https:\/\/www.ollagua.com\/pt\/notas-legais","url":"https:\/\/www.ollagua.com\/pt\/notas-legais","name":"Notas Legais - OLLAGUA","isPartOf":{"@id":"https:\/\/www.ollagua.com\/pt\/#website"},"primaryImageOfPage":{"@id":"https:\/\/www.ollagua.com\/pt\/notas-legais#primaryimage"},"image":{"@id":"https:\/\/www.ollagua.com\/pt\/notas-legais#primaryimage"},"thumbnailUrl":"https:\/\/www.ollagua.com\/pt\/medias\/sites\/3\/2026\/03\/lago-moreno-bariloche-patagonia.webp","datePublished":"2026-03-10T07:52:03+00:00","dateModified":"2026-04-14T09:21:34+00:00","description":"Notas legais do site da Ollagua, aluguel de temporada de acomoda\u00e7\u00f5es em Bariloche, Patag\u00f4nia Argentina","breadcrumb":{"@id":"https:\/\/www.ollagua.com\/pt\/notas-legais#breadcrumb"},"inLanguage":"pt-BR","potentialAction":[{"@type":"ReadAction","target":["https:\/\/www.ollagua.com\/pt\/notas-legais"]}]},{"@type":"ImageObject","inLanguage":"pt-BR","@id":"https:\/\/www.ollagua.com\/pt\/notas-legais#primaryimage","url":"https:\/\/www.ollagua.com\/pt\/medias\/sites\/3\/2026\/03\/lago-moreno-bariloche-patagonia.webp","contentUrl":"https:\/\/www.ollagua.com\/pt\/medias\/sites\/3\/2026\/03\/lago-moreno-bariloche-patagonia.webp","width":1920,"height":860,"caption":"Lago Moreno, Bariloche, Patag\u00f4nia"},{"@type":"BreadcrumbList","@id":"https:\/\/www.ollagua.com\/pt\/notas-legais#breadcrumb","itemListElement":[{"@type":"ListItem","position":1,"name":"OLLAGUA","item":"https:\/\/www.ollagua.com\/pt\/"},{"@type":"ListItem","position":2,"name":"Notas Legais"}]},{"@type":"WebSite","@id":"https:\/\/www.ollagua.com\/pt\/#website","url":"https:\/\/www.ollagua.com\/pt\/","name":"OLLAGUA","description":"Suas pr\u00f3ximas f\u00e9rias","publisher":{"@id":"https:\/\/www.ollagua.com\/pt\/#organization"},"alternateName":"Bela vista","potentialAction":[{"@type":"SearchAction","target":{"@type":"EntryPoint","urlTemplate":"https:\/\/www.ollagua.com\/pt\/?s={search_term_string}"},"query-input":{"@type":"PropertyValueSpecification","valueRequired":true,"valueName":"search_term_string"}}],"inLanguage":"pt-BR"},{"@type":"Organization","@id":"https:\/\/www.ollagua.com\/pt\/#organization","name":"OLLAGUA","alternateName":"Bela vista","url":"https:\/\/www.ollagua.com\/pt\/","logo":{"@type":"ImageObject","inLanguage":"pt-BR","@id":"https:\/\/www.ollagua.com\/pt\/#\/schema\/logo\/image\/","url":"https:\/\/www.ollagua.com\/pt\/medias\/sites\/3\/2026\/03\/Logo_Ollagua_Header-1.png","contentUrl":"https:\/\/www.ollagua.com\/pt\/medias\/sites\/3\/2026\/03\/Logo_Ollagua_Header-1.png","width":150,"height":50,"caption":"OLLAGUA"},"image":{"@id":"https:\/\/www.ollagua.com\/pt\/#\/schema\/logo\/image\/"},"sameAs":["https:\/\/www.facebook.com\/profile.php?id=100064207022827"]}]}},"_links":{"self":[{"href":"https:\/\/www.ollagua.com\/pt\/wp-json\/wp\/v2\/pages\/6260","targetHints":{"allow":["GET"]}}],"collection":[{"href":"https:\/\/www.ollagua.com\/pt\/wp-json\/wp\/v2\/pages"}],"about":[{"href":"https:\/\/www.ollagua.com\/pt\/wp-json\/wp\/v2\/types\/page"}],"author":[{"embeddable":true,"href":"https:\/\/www.ollagua.com\/pt\/wp-json\/wp\/v2\/users\/1"}],"replies":[{"embeddable":true,"href":"https:\/\/www.ollagua.com\/pt\/wp-json\/wp\/v2\/comments?post=6260"}],"version-history":[{"count":10,"href":"https:\/\/www.ollagua.com\/pt\/wp-json\/wp\/v2\/pages\/6260\/revisions"}],"predecessor-version":[{"id":6767,"href":"https:\/\/www.ollagua.com\/pt\/wp-json\/wp\/v2\/pages\/6260\/revisions\/6767"}],"wp:featuredmedia":[{"embeddable":true,"href":"https:\/\/www.ollagua.com\/pt\/wp-json\/wp\/v2\/media\/6567"}],"wp:attachment":[{"href":"https:\/\/www.ollagua.com\/pt\/wp-json\/wp\/v2\/media?parent=6260"}],"curies":[{"name":"wp","href":"https:\/\/api.w.org\/{rel}","templated":true}]}}