{"id":4712,"date":"2025-10-10T09:55:34","date_gmt":"2025-10-10T12:55:34","guid":{"rendered":"https:\/\/www.ollagua.com\/?page_id=4712"},"modified":"2026-04-14T17:24:35","modified_gmt":"2026-04-14T15:24:35","slug":"politica-de-privacidade","status":"publish","type":"page","link":"https:\/\/www.ollagua.com\/pt\/politica-de-privacidade","title":{"rendered":"Pol\u00edtica de Privacidade"},"content":{"rendered":"\n<div class=\"wp-block-getwid-section getwid-anim fadeInUpShort\" data-wow-duration=\"1500ms\" data-wow-delay=\"200ms\"><div class=\"wp-block-getwid-section__wrapper\"><div class=\"wp-block-getwid-section__inner-wrapper\"><div class=\"wp-block-getwid-section__background-holder\"><div class=\"wp-block-getwid-section__background\"><\/div><div class=\"wp-block-getwid-section__foreground\"><\/div><\/div><div class=\"wp-block-getwid-section__content\"><div class=\"wp-block-getwid-section__inner-content\">\n<h2 class=\"wp-block-heading\">Quem somos?<\/h2>\n\n\n\n<p>O endere\u00e7o do nosso site \u00e9: https:\/\/www.ollagua.com\/pt\/.<\/p>\n\n\n\n<h2 class=\"wp-block-heading\">Coment\u00e1rios<\/h2>\n\n\n\n<p>Quando os visitantes deixam coment\u00e1rios no site, coletamos os dados exibidos no formul\u00e1rio de coment\u00e1rios, bem como o endere\u00e7o IP do visitante e a string do agente do usu\u00e1rio do navegador, para ajudar na detec\u00e7\u00e3o de spam.<\/p>\n\n\n\n<p>Uma sequ\u00eancia de caracteres an\u00f4nima gerada a partir do seu endere\u00e7o de e-mail (tamb\u00e9m chamada de hash) pode ser enviada ao servi\u00e7o Gravatar para verificar se voc\u00ea o utiliza. A pol\u00edtica de privacidade do servi\u00e7o Gravatar est\u00e1 dispon\u00edvel em https:\/\/automattic.com\/privacy\/. Ap\u00f3s a aprova\u00e7\u00e3o do seu coment\u00e1rio, a imagem do seu perfil ficar\u00e1 vis\u00edvel ao p\u00fablico junto ao seu coment\u00e1rio.<\/p>\n\n\n\n<h2 class=\"wp-block-heading\">Multim\u00eddia<\/h2>\n\n\n\n<p>Ao enviar imagens para o site, evite incluir dados de localiza\u00e7\u00e3o (GPS EXIF). Os visitantes do site podem baixar e extrair quaisquer dados de localiza\u00e7\u00e3o das imagens do site.<\/p>\n\n\n\n<h2 class=\"wp-block-heading\">Cookies<\/h2>\n\n\n\n<p>Se voc\u00ea deixar um coment\u00e1rio em nosso site, poder\u00e1 optar por salvar seu nome, endere\u00e7o de e-mail e site em cookies. Isso \u00e9 feito para sua conveni\u00eancia, para que voc\u00ea n\u00e3o precise inserir seus dados novamente ao deixar outro coment\u00e1rio. Esses cookies ter\u00e3o validade de um ano.<\/p>\n\n\n\n<p>Se voc\u00ea tiver uma conta e fizer login neste site, criaremos um cookie tempor\u00e1rio para verificar se o seu navegador aceita cookies. Esse cookie n\u00e3o cont\u00e9m dados pessoais e \u00e9 exclu\u00eddo ao fechar o navegador.<\/p>\n\n\n\n<p>Ao fazer login, tamb\u00e9m configuraremos v\u00e1rios cookies para salvar suas informa\u00e7\u00f5es de login e suas op\u00e7\u00f5es de visualiza\u00e7\u00e3o na tela. Os cookies de login duram dois dias e os cookies de op\u00e7\u00f5es de visualiza\u00e7\u00e3o duram um ano. Se voc\u00ea selecionar &#8220;Lembrar-me&#8221;, sua sess\u00e3o permanecer\u00e1 ativa por duas semanas. Se voc\u00ea sair da sess\u00e3o, os cookies de login ser\u00e3o exclu\u00eddos.<\/p>\n\n\n\n<p>Se voc\u00ea editar ou publicar um artigo, um cookie adicional ser\u00e1 armazenado no seu navegador. Esse cookie n\u00e3o cont\u00e9m dados pessoais e indica apenas o ID de publica\u00e7\u00e3o do artigo que voc\u00ea acabou de editar. Ele expira ap\u00f3s 1 dia.<\/p>\n\n\n\n<h2 class=\"wp-block-heading\">Conte\u00fado integrado proveniente de outros sites<\/h2>\n\n\n\n<p>Os artigos neste site podem incluir conte\u00fado incorporado (por exemplo, v\u00eddeos, imagens, artigos, etc.). O conte\u00fado incorporado de outros sites funciona da mesma forma que se o visitante tivesse acessado diretamente o outro site.<\/p>\n\n\n\n<p>Esses sites podem coletar seus dados, usar cookies, incorporar um sistema de rastreamento de terceiros e monitorar sua intera\u00e7\u00e3o com esse conte\u00fado incorporado, incluindo o rastreamento de sua intera\u00e7\u00e3o com o conte\u00fado incorporado caso voc\u00ea tenha uma conta e esteja conectado a esse site.<\/p>\n\n\n\n<h2 class=\"wp-block-heading\">Com quem compartilhamos dados?<\/h2>\n\n\n\n<p>Se voc\u00ea solicitar uma redefini\u00e7\u00e3o de senha, seu endere\u00e7o IP ser\u00e1 inclu\u00eddo no e-mail de redefini\u00e7\u00e3o.<\/p>\n\n\n\n<h2 class=\"wp-block-heading\">Por quanto tempo mantemos seus dados?<\/h2>\n\n\n\n<p>Se voc\u00ea deixar um coment\u00e1rio, o coment\u00e1rio e seus metadados ser\u00e3o mantidos indefinidamente. Isso nos permite reconhecer e aprovar automaticamente quaisquer coment\u00e1rios subsequentes, em vez de mant\u00ea-los em uma fila de modera\u00e7\u00e3o.<\/p>\n\n\n\n<p>Para os usu\u00e1rios que se cadastram em nosso site (se aplic\u00e1vel), tamb\u00e9m armazenamos as informa\u00e7\u00f5es pessoais que fornecem em seu perfil de usu\u00e1rio. Todos os usu\u00e1rios podem visualizar, editar ou excluir suas informa\u00e7\u00f5es pessoais a qualquer momento (exceto que n\u00e3o podem alterar seu nome de usu\u00e1rio). Os administradores do site tamb\u00e9m podem visualizar e editar essas informa\u00e7\u00f5es.<\/p>\n\n\n\n<h2 class=\"wp-block-heading\">Quais s\u00e3o os seus direitos em rela\u00e7\u00e3o aos seus dados?<\/h2>\n\n\n\n<p>Se voc\u00ea tem uma conta neste site ou deixou coment\u00e1rios, pode solicitar um arquivo com os seus dados pessoais que temos, incluindo os dados que voc\u00ea nos forneceu. Voc\u00ea tamb\u00e9m pode solicitar que apaguemos quaisquer dados pessoais seus que tenhamos. Isso n\u00e3o inclui dados que somos obrigados a manter para fins administrativos, legais ou de seguran\u00e7a.<\/p>\n\n\n\n<h2 class=\"wp-block-heading\">Para onde s\u00e3o enviados os seus dados?<\/h2>\n\n\n\n<p>Os coment\u00e1rios dos visitantes podem ser verificados por meio de um servi\u00e7o autom\u00e1tico de detec\u00e7\u00e3o de spam.<\/p>\n<\/div><\/div><\/div><\/div><\/div>\n","protected":false},"excerpt":{"rendered":"<p>O endere\u00e7o do nosso site \u00e9: https:\/\/www.ollagua.com\/pt\/.<\/p>\n","protected":false},"author":1,"featured_media":6567,"parent":0,"menu_order":0,"comment_status":"closed","ping_status":"closed","template":"template-canvas-header-wide-page.php","meta":{"inline_featured_image":false,"footnotes":""},"class_list":["post-4712","page","type-page","status-publish","has-post-thumbnail","hentry"],"yoast_head":"<title>Pol\u00edtica de Privacidade - OLLAGUA<\/title>\n<meta name=\"description\" content=\"Pol\u00edtica de privacidade do site Ollagua.com: Aluguel de apartamentos e casas para suas f\u00e9rias em San Carlos de Bariloche\" \/>\n<meta name=\"robots\" content=\"index, follow, max-snippet:-1, max-image-preview:large, max-video-preview:-1\" \/>\n<link rel=\"canonical\" href=\"https:\/\/www.ollagua.com\/pt\/politica-de-privacidade\" \/>\n<meta property=\"og:locale\" content=\"pt_BR\" \/>\n<meta property=\"og:type\" content=\"article\" \/>\n<meta property=\"og:title\" content=\"Pol\u00edtica de Privacidade - OLLAGUA\" \/>\n<meta property=\"og:description\" content=\"Pol\u00edtica de privacidade do site Ollagua.com: Aluguel de apartamentos e casas para suas f\u00e9rias em San Carlos de Bariloche\" \/>\n<meta property=\"og:url\" content=\"https:\/\/www.ollagua.com\/pt\/politica-de-privacidade\" \/>\n<meta property=\"og:site_name\" content=\"OLLAGUA\" \/>\n<meta property=\"article:publisher\" content=\"https:\/\/www.facebook.com\/profile.php?id=100064207022827\" \/>\n<meta property=\"article:modified_time\" content=\"2026-04-14T15:24:35+00:00\" \/>\n<meta property=\"og:image\" content=\"https:\/\/www.ollagua.com\/pt\/medias\/sites\/3\/2026\/03\/lago-moreno-bariloche-patagonia.webp\" \/>\n\t<meta property=\"og:image:width\" content=\"1920\" \/>\n\t<meta property=\"og:image:height\" content=\"860\" \/>\n\t<meta property=\"og:image:type\" content=\"image\/webp\" \/>\n<meta name=\"twitter:card\" content=\"summary_large_image\" \/>\n<meta name=\"twitter:label1\" content=\"Est. tempo de leitura\" \/>\n\t<meta name=\"twitter:data1\" content=\"4 minutos\" \/>\n<script type=\"application\/ld+json\">{\"@context\":\"https:\\\/\\\/schema.org\",\"@graph\":[{\"@type\":\"WebPage\",\"@id\":\"https:\\\/\\\/www.ollagua.com\\\/pt\\\/politica-de-privacidade\",\"url\":\"https:\\\/\\\/www.ollagua.com\\\/pt\\\/politica-de-privacidade\",\"name\":\"Pol\u00edtica de Privacidade - OLLAGUA\",\"isPartOf\":{\"@id\":\"https:\\\/\\\/www.ollagua.com\\\/pt\\\/#website\"},\"primaryImageOfPage\":{\"@id\":\"https:\\\/\\\/www.ollagua.com\\\/pt\\\/politica-de-privacidade#primaryimage\"},\"image\":{\"@id\":\"https:\\\/\\\/www.ollagua.com\\\/pt\\\/politica-de-privacidade#primaryimage\"},\"thumbnailUrl\":\"https:\\\/\\\/www.ollagua.com\\\/pt\\\/medias\\\/sites\\\/3\\\/2026\\\/03\\\/lago-moreno-bariloche-patagonia.webp\",\"datePublished\":\"2025-10-10T12:55:34+00:00\",\"dateModified\":\"2026-04-14T15:24:35+00:00\",\"description\":\"Pol\u00edtica de privacidade do site Ollagua.com: Aluguel de apartamentos e casas para suas f\u00e9rias em San Carlos de Bariloche\",\"breadcrumb\":{\"@id\":\"https:\\\/\\\/www.ollagua.com\\\/pt\\\/politica-de-privacidade#breadcrumb\"},\"inLanguage\":\"pt-BR\",\"potentialAction\":[{\"@type\":\"ReadAction\",\"target\":[\"https:\\\/\\\/www.ollagua.com\\\/pt\\\/politica-de-privacidade\"]}]},{\"@type\":\"ImageObject\",\"inLanguage\":\"pt-BR\",\"@id\":\"https:\\\/\\\/www.ollagua.com\\\/pt\\\/politica-de-privacidade#primaryimage\",\"url\":\"https:\\\/\\\/www.ollagua.com\\\/pt\\\/medias\\\/sites\\\/3\\\/2026\\\/03\\\/lago-moreno-bariloche-patagonia.webp\",\"contentUrl\":\"https:\\\/\\\/www.ollagua.com\\\/pt\\\/medias\\\/sites\\\/3\\\/2026\\\/03\\\/lago-moreno-bariloche-patagonia.webp\",\"width\":1920,\"height\":860,\"caption\":\"Lago Moreno, Bariloche, Patag\u00f4nia\"},{\"@type\":\"BreadcrumbList\",\"@id\":\"https:\\\/\\\/www.ollagua.com\\\/pt\\\/politica-de-privacidade#breadcrumb\",\"itemListElement\":[{\"@type\":\"ListItem\",\"position\":1,\"name\":\"OLLAGUA\",\"item\":\"https:\\\/\\\/www.ollagua.com\\\/pt\\\/\"},{\"@type\":\"ListItem\",\"position\":2,\"name\":\"Pol\u00edtica de Privacidade\"}]},{\"@type\":\"WebSite\",\"@id\":\"https:\\\/\\\/www.ollagua.com\\\/pt\\\/#website\",\"url\":\"https:\\\/\\\/www.ollagua.com\\\/pt\\\/\",\"name\":\"OLLAGUA\",\"description\":\"Suas pr\u00f3ximas f\u00e9rias\",\"publisher\":{\"@id\":\"https:\\\/\\\/www.ollagua.com\\\/pt\\\/#organization\"},\"alternateName\":\"Bela vista\",\"potentialAction\":[{\"@type\":\"SearchAction\",\"target\":{\"@type\":\"EntryPoint\",\"urlTemplate\":\"https:\\\/\\\/www.ollagua.com\\\/pt\\\/?s={search_term_string}\"},\"query-input\":{\"@type\":\"PropertyValueSpecification\",\"valueRequired\":true,\"valueName\":\"search_term_string\"}}],\"inLanguage\":\"pt-BR\"},{\"@type\":\"Organization\",\"@id\":\"https:\\\/\\\/www.ollagua.com\\\/pt\\\/#organization\",\"name\":\"OLLAGUA\",\"alternateName\":\"Bela vista\",\"url\":\"https:\\\/\\\/www.ollagua.com\\\/pt\\\/\",\"logo\":{\"@type\":\"ImageObject\",\"inLanguage\":\"pt-BR\",\"@id\":\"https:\\\/\\\/www.ollagua.com\\\/pt\\\/#\\\/schema\\\/logo\\\/image\\\/\",\"url\":\"https:\\\/\\\/www.ollagua.com\\\/pt\\\/medias\\\/sites\\\/3\\\/2026\\\/03\\\/Logo_Ollagua_Header-1.png\",\"contentUrl\":\"https:\\\/\\\/www.ollagua.com\\\/pt\\\/medias\\\/sites\\\/3\\\/2026\\\/03\\\/Logo_Ollagua_Header-1.png\",\"width\":150,\"height\":50,\"caption\":\"OLLAGUA\"},\"image\":{\"@id\":\"https:\\\/\\\/www.ollagua.com\\\/pt\\\/#\\\/schema\\\/logo\\\/image\\\/\"},\"sameAs\":[\"https:\\\/\\\/www.facebook.com\\\/profile.php?id=100064207022827\"]}]}<\/script>","yoast_head_json":{"title":"Pol\u00edtica de Privacidade - OLLAGUA","description":"Pol\u00edtica de privacidade do site Ollagua.com: Aluguel de apartamentos e casas para suas f\u00e9rias em San Carlos de Bariloche","robots":{"index":"index","follow":"follow","max-snippet":"max-snippet:-1","max-image-preview":"max-image-preview:large","max-video-preview":"max-video-preview:-1"},"canonical":"https:\/\/www.ollagua.com\/pt\/politica-de-privacidade","og_locale":"pt_BR","og_type":"article","og_title":"Pol\u00edtica de Privacidade - OLLAGUA","og_description":"Pol\u00edtica de privacidade do site Ollagua.com: Aluguel de apartamentos e casas para suas f\u00e9rias em San Carlos de Bariloche","og_url":"https:\/\/www.ollagua.com\/pt\/politica-de-privacidade","og_site_name":"OLLAGUA","article_publisher":"https:\/\/www.facebook.com\/profile.php?id=100064207022827","article_modified_time":"2026-04-14T15:24:35+00:00","og_image":[{"width":1920,"height":860,"url":"https:\/\/www.ollagua.com\/pt\/medias\/sites\/3\/2026\/03\/lago-moreno-bariloche-patagonia.webp","type":"image\/webp"}],"twitter_card":"summary_large_image","twitter_misc":{"Est. tempo de leitura":"4 minutos"},"schema":{"@context":"https:\/\/schema.org","@graph":[{"@type":"WebPage","@id":"https:\/\/www.ollagua.com\/pt\/politica-de-privacidade","url":"https:\/\/www.ollagua.com\/pt\/politica-de-privacidade","name":"Pol\u00edtica de Privacidade - OLLAGUA","isPartOf":{"@id":"https:\/\/www.ollagua.com\/pt\/#website"},"primaryImageOfPage":{"@id":"https:\/\/www.ollagua.com\/pt\/politica-de-privacidade#primaryimage"},"image":{"@id":"https:\/\/www.ollagua.com\/pt\/politica-de-privacidade#primaryimage"},"thumbnailUrl":"https:\/\/www.ollagua.com\/pt\/medias\/sites\/3\/2026\/03\/lago-moreno-bariloche-patagonia.webp","datePublished":"2025-10-10T12:55:34+00:00","dateModified":"2026-04-14T15:24:35+00:00","description":"Pol\u00edtica de privacidade do site Ollagua.com: Aluguel de apartamentos e casas para suas f\u00e9rias em San Carlos de Bariloche","breadcrumb":{"@id":"https:\/\/www.ollagua.com\/pt\/politica-de-privacidade#breadcrumb"},"inLanguage":"pt-BR","potentialAction":[{"@type":"ReadAction","target":["https:\/\/www.ollagua.com\/pt\/politica-de-privacidade"]}]},{"@type":"ImageObject","inLanguage":"pt-BR","@id":"https:\/\/www.ollagua.com\/pt\/politica-de-privacidade#primaryimage","url":"https:\/\/www.ollagua.com\/pt\/medias\/sites\/3\/2026\/03\/lago-moreno-bariloche-patagonia.webp","contentUrl":"https:\/\/www.ollagua.com\/pt\/medias\/sites\/3\/2026\/03\/lago-moreno-bariloche-patagonia.webp","width":1920,"height":860,"caption":"Lago Moreno, Bariloche, Patag\u00f4nia"},{"@type":"BreadcrumbList","@id":"https:\/\/www.ollagua.com\/pt\/politica-de-privacidade#breadcrumb","itemListElement":[{"@type":"ListItem","position":1,"name":"OLLAGUA","item":"https:\/\/www.ollagua.com\/pt\/"},{"@type":"ListItem","position":2,"name":"Pol\u00edtica de Privacidade"}]},{"@type":"WebSite","@id":"https:\/\/www.ollagua.com\/pt\/#website","url":"https:\/\/www.ollagua.com\/pt\/","name":"OLLAGUA","description":"Suas pr\u00f3ximas f\u00e9rias","publisher":{"@id":"https:\/\/www.ollagua.com\/pt\/#organization"},"alternateName":"Bela vista","potentialAction":[{"@type":"SearchAction","target":{"@type":"EntryPoint","urlTemplate":"https:\/\/www.ollagua.com\/pt\/?s={search_term_string}"},"query-input":{"@type":"PropertyValueSpecification","valueRequired":true,"valueName":"search_term_string"}}],"inLanguage":"pt-BR"},{"@type":"Organization","@id":"https:\/\/www.ollagua.com\/pt\/#organization","name":"OLLAGUA","alternateName":"Bela vista","url":"https:\/\/www.ollagua.com\/pt\/","logo":{"@type":"ImageObject","inLanguage":"pt-BR","@id":"https:\/\/www.ollagua.com\/pt\/#\/schema\/logo\/image\/","url":"https:\/\/www.ollagua.com\/pt\/medias\/sites\/3\/2026\/03\/Logo_Ollagua_Header-1.png","contentUrl":"https:\/\/www.ollagua.com\/pt\/medias\/sites\/3\/2026\/03\/Logo_Ollagua_Header-1.png","width":150,"height":50,"caption":"OLLAGUA"},"image":{"@id":"https:\/\/www.ollagua.com\/pt\/#\/schema\/logo\/image\/"},"sameAs":["https:\/\/www.facebook.com\/profile.php?id=100064207022827"]}]}},"_links":{"self":[{"href":"https:\/\/www.ollagua.com\/pt\/wp-json\/wp\/v2\/pages\/4712","targetHints":{"allow":["GET"]}}],"collection":[{"href":"https:\/\/www.ollagua.com\/pt\/wp-json\/wp\/v2\/pages"}],"about":[{"href":"https:\/\/www.ollagua.com\/pt\/wp-json\/wp\/v2\/types\/page"}],"author":[{"embeddable":true,"href":"https:\/\/www.ollagua.com\/pt\/wp-json\/wp\/v2\/users\/1"}],"replies":[{"embeddable":true,"href":"https:\/\/www.ollagua.com\/pt\/wp-json\/wp\/v2\/comments?post=4712"}],"version-history":[{"count":2,"href":"https:\/\/www.ollagua.com\/pt\/wp-json\/wp\/v2\/pages\/4712\/revisions"}],"predecessor-version":[{"id":6840,"href":"https:\/\/www.ollagua.com\/pt\/wp-json\/wp\/v2\/pages\/4712\/revisions\/6840"}],"wp:featuredmedia":[{"embeddable":true,"href":"https:\/\/www.ollagua.com\/pt\/wp-json\/wp\/v2\/media\/6567"}],"wp:attachment":[{"href":"https:\/\/www.ollagua.com\/pt\/wp-json\/wp\/v2\/media?parent=4712"}],"curies":[{"name":"wp","href":"https:\/\/api.w.org\/{rel}","templated":true}]}}