{"id":30,"date":"2025-03-28T16:17:58","date_gmt":"2025-03-28T16:17:58","guid":{"rendered":"https:\/\/themes.getmotopress.com\/booklium-tiny-home\/?page_id=30"},"modified":"2026-04-13T09:54:29","modified_gmt":"2026-04-13T07:54:29","slug":"sobre-nos","status":"publish","type":"page","link":"https:\/\/www.ollagua.com\/pt\/sobre-nos","title":{"rendered":"Sobre n\u00f3s"},"content":{"rendered":"\n<div class=\"wp-block-getwid-advanced-heading page-loc\" style=\"margin-top:0px\"><h2 class=\"wp-block-getwid-advanced-heading__content\" style=\"text-align:center;font-family:&quot;Caudex&quot;;font-weight:700\">Quem somos?<\/h2><\/div>\n\n\n\n<p>Somos uma equipe de seis pessoas que cuida de cada detalhe, com uma miss\u00e3o clara: garantir que os h\u00f3spedes tenham uma experi\u00eancia inesquec\u00edvel em cada acomoda\u00e7\u00e3o, que nos recomendem e voltem a nos escolher.<\/p>\n\n\n\n<p>J\u00e1 faz mais de 20 anos que estamos estabelecidos aqui em <a href=\"https:\/\/www.ollagua.com\/pt\/bariloche\" type=\"page\" id=\"36\">Bariloche<\/a>, nesse para\u00edso \u00fanico da Patag\u00f4nia. Para n\u00f3s, foi uma escolha de vida: morar aqui, cuidar e desfrutar de todas as paisagens e diversidades que esta regi\u00e3o tem a oferecer.<\/p>\n\n\n\n<p>Naturalmente, ficamos com vontade de compartilhar essa experi\u00eancia que nos permitiu dormir, comer e desfrutar de uma hospedagem em um ambiente extraordin\u00e1rio. Admirar o lago, as montanhas nevadas, as nuvens alongadas, os pores do sol, sentir o vento, os raios de sol, ver a neve cair, ouvir a chuva, observar as cores do outono, desfrutar das \u00e1guas cristalinas no ver\u00e3o, relaxar, recarregar as energias, poder compartilhar todas essas sensa\u00e7\u00f5es com amigos e familiares.<\/p>\n\n\n\n<p>\u00c9 tudo isso que nos trouxe at\u00e9 aqui, e \u00e9 isso que queremos que voc\u00eas vivenciem em uma hospedagem que lhes oferecer\u00e1 todo o conforto. Al\u00e9m disso, somos vers\u00e1teis e podemos propor diversas atividades, como medita\u00e7\u00e3o, ioga, passeios, sess\u00f5es de fotos e muito mais. Valorizamos a honestidade, a confian\u00e7a e a qualidade em tudo o que fazemos.<\/p>\n\n\n\n<blockquote class=\"wp-block-quote is-layout-flow wp-block-quote-is-layout-flow\">\n<p>Esperamos por voc\u00eas!<\/p>\n<\/blockquote>\n\n\n\n<div class=\"wp-block-getwid-section getwid-anim fadeInUpShort\" data-wow-duration=\"1500ms\" data-wow-delay=\"200ms\"><div class=\"wp-block-getwid-section__wrapper getwid-padding-top-none getwid-padding-bottom-none getwid-padding-left-none getwid-padding-right-none\"><div class=\"wp-block-getwid-section__inner-wrapper\"><div class=\"wp-block-getwid-section__background-holder\"><div class=\"wp-block-getwid-section__background\"><\/div><div class=\"wp-block-getwid-section__foreground\"><\/div><\/div><div class=\"wp-block-getwid-section__content\"><div class=\"wp-block-getwid-section__inner-content\">\n<figure class=\"wp-block-image size-full\"><img loading=\"lazy\" decoding=\"async\" width=\"1920\" height=\"1080\" src=\"https:\/\/www.ollagua.com\/pt\/medias\/sites\/3\/2026\/04\/quienes-somos-ollagua.webp\" alt=\"Sobre n\u00f3s Ollagua\" class=\"wp-image-6658\" srcset=\"https:\/\/www.ollagua.com\/pt\/medias\/sites\/3\/2026\/04\/quienes-somos-ollagua.webp 1920w, https:\/\/www.ollagua.com\/pt\/medias\/sites\/3\/2026\/04\/quienes-somos-ollagua-300x169.webp 300w, https:\/\/www.ollagua.com\/pt\/medias\/sites\/3\/2026\/04\/quienes-somos-ollagua-1024x576.webp 1024w, https:\/\/www.ollagua.com\/pt\/medias\/sites\/3\/2026\/04\/quienes-somos-ollagua-150x84.webp 150w, https:\/\/www.ollagua.com\/pt\/medias\/sites\/3\/2026\/04\/quienes-somos-ollagua-768x432.webp 768w, https:\/\/www.ollagua.com\/pt\/medias\/sites\/3\/2026\/04\/quienes-somos-ollagua-1536x864.webp 1536w, https:\/\/www.ollagua.com\/pt\/medias\/sites\/3\/2026\/04\/quienes-somos-ollagua-1350x759.webp 1350w\" sizes=\"auto, (max-width: 1920px) 100vw, 1920px\" \/><\/figure>\n<\/div><\/div><\/div><\/div><\/div>\n","protected":false},"excerpt":{"rendered":"<p>Aluguel de alojamentos de f\u00e9rias em Bariloche, um dos melhores destinos da Argentina.<\/p>\n","protected":false},"author":1,"featured_media":6650,"parent":0,"menu_order":0,"comment_status":"closed","ping_status":"closed","template":"template-canvas-header-wide-page.php","meta":{"inline_featured_image":false,"footnotes":""},"class_list":["post-30","page","type-page","status-publish","has-post-thumbnail","hentry"],"yoast_head":"<title>Sobre n\u00f3s - OLLAGUA<\/title>\n<meta name=\"description\" content=\"Somos uma das principais ag\u00eancias especializadas em aluguel tempor\u00e1rio de alojamentos em Bariloche, um dos melhores destinos da Argentina\" \/>\n<meta name=\"robots\" content=\"index, follow, max-snippet:-1, max-image-preview:large, max-video-preview:-1\" \/>\n<link rel=\"canonical\" href=\"https:\/\/www.ollagua.com\/pt\/sobre-nos\" \/>\n<meta property=\"og:locale\" content=\"pt_BR\" \/>\n<meta property=\"og:type\" content=\"article\" \/>\n<meta property=\"og:title\" content=\"Sobre n\u00f3s - OLLAGUA\" \/>\n<meta property=\"og:description\" content=\"Somos uma das principais ag\u00eancias especializadas em aluguel tempor\u00e1rio de alojamentos em Bariloche, um dos melhores destinos da Argentina\" \/>\n<meta property=\"og:url\" content=\"https:\/\/www.ollagua.com\/pt\/sobre-nos\" \/>\n<meta property=\"og:site_name\" content=\"OLLAGUA\" \/>\n<meta property=\"article:publisher\" content=\"https:\/\/www.facebook.com\/profile.php?id=100064207022827\" \/>\n<meta property=\"article:modified_time\" content=\"2026-04-13T07:54:29+00:00\" \/>\n<meta property=\"og:image\" content=\"https:\/\/www.ollagua.com\/pt\/medias\/sites\/3\/2026\/04\/paseo-junto-al-lago-moreno_14.webp\" \/>\n\t<meta property=\"og:image:width\" content=\"1920\" \/>\n\t<meta property=\"og:image:height\" content=\"1280\" \/>\n\t<meta property=\"og:image:type\" content=\"image\/webp\" \/>\n<meta name=\"twitter:card\" content=\"summary_large_image\" \/>\n<meta name=\"twitter:label1\" content=\"Est. tempo de leitura\" \/>\n\t<meta name=\"twitter:data1\" content=\"2 minutos\" \/>\n<script type=\"application\/ld+json\">{\"@context\":\"https:\\\/\\\/schema.org\",\"@graph\":[{\"@type\":\"WebPage\",\"@id\":\"https:\\\/\\\/www.ollagua.com\\\/pt\\\/sobre-nos\",\"url\":\"https:\\\/\\\/www.ollagua.com\\\/pt\\\/sobre-nos\",\"name\":\"Sobre n\u00f3s - OLLAGUA\",\"isPartOf\":{\"@id\":\"https:\\\/\\\/www.ollagua.com\\\/pt\\\/#website\"},\"primaryImageOfPage\":{\"@id\":\"https:\\\/\\\/www.ollagua.com\\\/pt\\\/sobre-nos#primaryimage\"},\"image\":{\"@id\":\"https:\\\/\\\/www.ollagua.com\\\/pt\\\/sobre-nos#primaryimage\"},\"thumbnailUrl\":\"https:\\\/\\\/www.ollagua.com\\\/pt\\\/medias\\\/sites\\\/3\\\/2026\\\/04\\\/paseo-junto-al-lago-moreno_14.webp\",\"datePublished\":\"2025-03-28T16:17:58+00:00\",\"dateModified\":\"2026-04-13T07:54:29+00:00\",\"description\":\"Somos uma das principais ag\u00eancias especializadas em aluguel tempor\u00e1rio de alojamentos em Bariloche, um dos melhores destinos da Argentina\",\"breadcrumb\":{\"@id\":\"https:\\\/\\\/www.ollagua.com\\\/pt\\\/sobre-nos#breadcrumb\"},\"inLanguage\":\"pt-BR\",\"potentialAction\":[{\"@type\":\"ReadAction\",\"target\":[\"https:\\\/\\\/www.ollagua.com\\\/pt\\\/sobre-nos\"]}]},{\"@type\":\"ImageObject\",\"inLanguage\":\"pt-BR\",\"@id\":\"https:\\\/\\\/www.ollagua.com\\\/pt\\\/sobre-nos#primaryimage\",\"url\":\"https:\\\/\\\/www.ollagua.com\\\/pt\\\/medias\\\/sites\\\/3\\\/2026\\\/04\\\/paseo-junto-al-lago-moreno_14.webp\",\"contentUrl\":\"https:\\\/\\\/www.ollagua.com\\\/pt\\\/medias\\\/sites\\\/3\\\/2026\\\/04\\\/paseo-junto-al-lago-moreno_14.webp\",\"width\":1920,\"height\":1280,\"caption\":\"Passeio \u00e0 beira do Lago Moreno\"},{\"@type\":\"BreadcrumbList\",\"@id\":\"https:\\\/\\\/www.ollagua.com\\\/pt\\\/sobre-nos#breadcrumb\",\"itemListElement\":[{\"@type\":\"ListItem\",\"position\":1,\"name\":\"OLLAGUA\",\"item\":\"https:\\\/\\\/www.ollagua.com\\\/pt\\\/\"},{\"@type\":\"ListItem\",\"position\":2,\"name\":\"Sobre n\u00f3s\"}]},{\"@type\":\"WebSite\",\"@id\":\"https:\\\/\\\/www.ollagua.com\\\/pt\\\/#website\",\"url\":\"https:\\\/\\\/www.ollagua.com\\\/pt\\\/\",\"name\":\"OLLAGUA\",\"description\":\"Suas pr\u00f3ximas f\u00e9rias\",\"publisher\":{\"@id\":\"https:\\\/\\\/www.ollagua.com\\\/pt\\\/#organization\"},\"alternateName\":\"Bela vista\",\"potentialAction\":[{\"@type\":\"SearchAction\",\"target\":{\"@type\":\"EntryPoint\",\"urlTemplate\":\"https:\\\/\\\/www.ollagua.com\\\/pt\\\/?s={search_term_string}\"},\"query-input\":{\"@type\":\"PropertyValueSpecification\",\"valueRequired\":true,\"valueName\":\"search_term_string\"}}],\"inLanguage\":\"pt-BR\"},{\"@type\":\"Organization\",\"@id\":\"https:\\\/\\\/www.ollagua.com\\\/pt\\\/#organization\",\"name\":\"OLLAGUA\",\"alternateName\":\"Bela vista\",\"url\":\"https:\\\/\\\/www.ollagua.com\\\/pt\\\/\",\"logo\":{\"@type\":\"ImageObject\",\"inLanguage\":\"pt-BR\",\"@id\":\"https:\\\/\\\/www.ollagua.com\\\/pt\\\/#\\\/schema\\\/logo\\\/image\\\/\",\"url\":\"https:\\\/\\\/www.ollagua.com\\\/pt\\\/medias\\\/sites\\\/3\\\/2026\\\/03\\\/Logo_Ollagua_Header-1.png\",\"contentUrl\":\"https:\\\/\\\/www.ollagua.com\\\/pt\\\/medias\\\/sites\\\/3\\\/2026\\\/03\\\/Logo_Ollagua_Header-1.png\",\"width\":150,\"height\":50,\"caption\":\"OLLAGUA\"},\"image\":{\"@id\":\"https:\\\/\\\/www.ollagua.com\\\/pt\\\/#\\\/schema\\\/logo\\\/image\\\/\"},\"sameAs\":[\"https:\\\/\\\/www.facebook.com\\\/profile.php?id=100064207022827\"]}]}<\/script>","yoast_head_json":{"title":"Sobre n\u00f3s - OLLAGUA","description":"Somos uma das principais ag\u00eancias especializadas em aluguel tempor\u00e1rio de alojamentos em Bariloche, um dos melhores destinos da Argentina","robots":{"index":"index","follow":"follow","max-snippet":"max-snippet:-1","max-image-preview":"max-image-preview:large","max-video-preview":"max-video-preview:-1"},"canonical":"https:\/\/www.ollagua.com\/pt\/sobre-nos","og_locale":"pt_BR","og_type":"article","og_title":"Sobre n\u00f3s - OLLAGUA","og_description":"Somos uma das principais ag\u00eancias especializadas em aluguel tempor\u00e1rio de alojamentos em Bariloche, um dos melhores destinos da Argentina","og_url":"https:\/\/www.ollagua.com\/pt\/sobre-nos","og_site_name":"OLLAGUA","article_publisher":"https:\/\/www.facebook.com\/profile.php?id=100064207022827","article_modified_time":"2026-04-13T07:54:29+00:00","og_image":[{"width":1920,"height":1280,"url":"https:\/\/www.ollagua.com\/pt\/medias\/sites\/3\/2026\/04\/paseo-junto-al-lago-moreno_14.webp","type":"image\/webp"}],"twitter_card":"summary_large_image","twitter_misc":{"Est. tempo de leitura":"2 minutos"},"schema":{"@context":"https:\/\/schema.org","@graph":[{"@type":"WebPage","@id":"https:\/\/www.ollagua.com\/pt\/sobre-nos","url":"https:\/\/www.ollagua.com\/pt\/sobre-nos","name":"Sobre n\u00f3s - OLLAGUA","isPartOf":{"@id":"https:\/\/www.ollagua.com\/pt\/#website"},"primaryImageOfPage":{"@id":"https:\/\/www.ollagua.com\/pt\/sobre-nos#primaryimage"},"image":{"@id":"https:\/\/www.ollagua.com\/pt\/sobre-nos#primaryimage"},"thumbnailUrl":"https:\/\/www.ollagua.com\/pt\/medias\/sites\/3\/2026\/04\/paseo-junto-al-lago-moreno_14.webp","datePublished":"2025-03-28T16:17:58+00:00","dateModified":"2026-04-13T07:54:29+00:00","description":"Somos uma das principais ag\u00eancias especializadas em aluguel tempor\u00e1rio de alojamentos em Bariloche, um dos melhores destinos da Argentina","breadcrumb":{"@id":"https:\/\/www.ollagua.com\/pt\/sobre-nos#breadcrumb"},"inLanguage":"pt-BR","potentialAction":[{"@type":"ReadAction","target":["https:\/\/www.ollagua.com\/pt\/sobre-nos"]}]},{"@type":"ImageObject","inLanguage":"pt-BR","@id":"https:\/\/www.ollagua.com\/pt\/sobre-nos#primaryimage","url":"https:\/\/www.ollagua.com\/pt\/medias\/sites\/3\/2026\/04\/paseo-junto-al-lago-moreno_14.webp","contentUrl":"https:\/\/www.ollagua.com\/pt\/medias\/sites\/3\/2026\/04\/paseo-junto-al-lago-moreno_14.webp","width":1920,"height":1280,"caption":"Passeio \u00e0 beira do Lago Moreno"},{"@type":"BreadcrumbList","@id":"https:\/\/www.ollagua.com\/pt\/sobre-nos#breadcrumb","itemListElement":[{"@type":"ListItem","position":1,"name":"OLLAGUA","item":"https:\/\/www.ollagua.com\/pt\/"},{"@type":"ListItem","position":2,"name":"Sobre n\u00f3s"}]},{"@type":"WebSite","@id":"https:\/\/www.ollagua.com\/pt\/#website","url":"https:\/\/www.ollagua.com\/pt\/","name":"OLLAGUA","description":"Suas pr\u00f3ximas f\u00e9rias","publisher":{"@id":"https:\/\/www.ollagua.com\/pt\/#organization"},"alternateName":"Bela vista","potentialAction":[{"@type":"SearchAction","target":{"@type":"EntryPoint","urlTemplate":"https:\/\/www.ollagua.com\/pt\/?s={search_term_string}"},"query-input":{"@type":"PropertyValueSpecification","valueRequired":true,"valueName":"search_term_string"}}],"inLanguage":"pt-BR"},{"@type":"Organization","@id":"https:\/\/www.ollagua.com\/pt\/#organization","name":"OLLAGUA","alternateName":"Bela vista","url":"https:\/\/www.ollagua.com\/pt\/","logo":{"@type":"ImageObject","inLanguage":"pt-BR","@id":"https:\/\/www.ollagua.com\/pt\/#\/schema\/logo\/image\/","url":"https:\/\/www.ollagua.com\/pt\/medias\/sites\/3\/2026\/03\/Logo_Ollagua_Header-1.png","contentUrl":"https:\/\/www.ollagua.com\/pt\/medias\/sites\/3\/2026\/03\/Logo_Ollagua_Header-1.png","width":150,"height":50,"caption":"OLLAGUA"},"image":{"@id":"https:\/\/www.ollagua.com\/pt\/#\/schema\/logo\/image\/"},"sameAs":["https:\/\/www.facebook.com\/profile.php?id=100064207022827"]}]}},"_links":{"self":[{"href":"https:\/\/www.ollagua.com\/pt\/wp-json\/wp\/v2\/pages\/30","targetHints":{"allow":["GET"]}}],"collection":[{"href":"https:\/\/www.ollagua.com\/pt\/wp-json\/wp\/v2\/pages"}],"about":[{"href":"https:\/\/www.ollagua.com\/pt\/wp-json\/wp\/v2\/types\/page"}],"author":[{"embeddable":true,"href":"https:\/\/www.ollagua.com\/pt\/wp-json\/wp\/v2\/users\/1"}],"replies":[{"embeddable":true,"href":"https:\/\/www.ollagua.com\/pt\/wp-json\/wp\/v2\/comments?post=30"}],"version-history":[{"count":5,"href":"https:\/\/www.ollagua.com\/pt\/wp-json\/wp\/v2\/pages\/30\/revisions"}],"predecessor-version":[{"id":6659,"href":"https:\/\/www.ollagua.com\/pt\/wp-json\/wp\/v2\/pages\/30\/revisions\/6659"}],"wp:featuredmedia":[{"embeddable":true,"href":"https:\/\/www.ollagua.com\/pt\/wp-json\/wp\/v2\/media\/6650"}],"wp:attachment":[{"href":"https:\/\/www.ollagua.com\/pt\/wp-json\/wp\/v2\/media?parent=30"}],"curies":[{"name":"wp","href":"https:\/\/api.w.org\/{rel}","templated":true}]}}