{"id":6260,"date":"2026-03-10T04:52:03","date_gmt":"2026-03-10T07:52:03","guid":{"rendered":"https:\/\/www.ollagua.com\/?page_id=6260"},"modified":"2026-03-10T04:52:03","modified_gmt":"2026-03-10T07:52:03","slug":"notas-legales","status":"publish","type":"page","link":"https:\/\/www.ollagua.com\/fr\/notas-legales","title":{"rendered":"Notas Legales"},"content":{"rendered":"\n<div class=\"wp-block-getwid-section getwid-anim fadeInUpShort\" data-wow-duration=\"1500ms\" data-wow-delay=\"200ms\"><div class=\"wp-block-getwid-section__wrapper\"><div class=\"wp-block-getwid-section__inner-wrapper\"><div class=\"wp-block-getwid-section__background-holder\"><div class=\"wp-block-getwid-section__background\"><\/div><div class=\"wp-block-getwid-section__foreground\"><\/div><\/div><div class=\"wp-block-getwid-section__content\"><div class=\"wp-block-getwid-section__inner-content\">\n<p style=\"font-size:20px\">El sitio web de Ollagua, accesible en las siguientes direcciones: <a href=\"http:\/\/www.ollagua.com\">www.ollagua.com\/fr\/<\/a>, <a href=\"http:\/\/www.ollagua.net\" id=\"http:\/\/www.ollagua.net\">www.ollagua.net<\/a> y <a href=\"http:\/\/www.ollagua.com.ar\">www.ollagua.com.ar<\/a>, est\u00e1 destinado a la informaci\u00f3n personal de los internautas que lo utilizan. El acceso y el uso del Sitio est\u00e1n sujetos a estas &#8220;Notas legales&#8221; que se detallan a continuaci\u00f3n, as\u00ed como a las leyes y\/o regulaciones aplicables. La conexi\u00f3n y el acceso a este Sitio implican la aceptaci\u00f3n completa y sin reservas del usuario de Internet de todas las disposiciones de las presentes Notas Legales.<\/p>\n\n\n\n<h2 class=\"wp-block-heading\">Art\u00edculo 1. Informaciones legales.<\/h2>\n\n\n\n<p>Conforme al art\u00edculo 6 de la Ley No. 2004-575, de 21 de junio de 2004, sobre la confianza en la econom\u00eda digital, se establece en este art\u00edculo la identidad de los diversos interesados como parte de su implementaci\u00f3n y monitoreo. Todos los usuarios que navegan, leen, ven y usan el sitio web de Ollagua se consideran usuarios.<\/p>\n\n\n\n<h3 class=\"wp-block-heading\">Editor del sitio web<\/h3>\n\n\n\n<p>El sitio web de <strong>Ollagua<\/strong> es publicado por <a href=\"https:\/\/www.ollagua.com\/fr\/\">OLLAGUA<\/a>, con domicilio social en la siguiente direcci\u00f3n: Santa Fe 1302, Departamento 405, San Carlos de Bariloche, 8400 R\u00edo Negro, Argentina, y registrado en <a href=\"https:\/\/www.cuitonline.com\/detalle\/23941982379\/choquet-boris-fabrice-xavier.html\" target=\"_blank\" rel=\"noreferrer noopener\">CUIT 23-94198237-9 \u2013 I.I.B 45485305<\/a>. Tel\u00e9fono: (+33) 970 444 376 \u2013 Direcci\u00f3n de correo electr\u00f3nico: info@ollagua.com. El director de la publicaci\u00f3n es <strong>Boris Choquet<\/strong>.<\/p>\n\n\n\n<h3 class=\"wp-block-heading\">Alojamiento del sitio web<\/h3>\n\n\n\n<p>El sitio web de Ollagua est\u00e1 alojado en Francia por la empresa <a href=\"https:\/\/www.pixoset.com\/services\/hebergement-web\" target=\"_blank\" rel=\"noreferrer noopener\">Pixoset Hosting<\/a>: 3, Rue des Mouettes &#8211; 17137 L&#8217;Houmeau &#8211; Francia, Tel\u00e9fono: (+33) 516 073 484.<\/p>\n\n\n\n<h3 class=\"wp-block-heading\">Creaci\u00f3n del sitio web &amp; Cr\u00e9ditos fotogr\u00e1ficos<\/h3>\n\n\n\n<p>El sitio web de Ollagua ha sido desarrollado y es administrado por <a href=\"https:\/\/www.pixoset.com\/\" target=\"_blank\" rel=\"noreferrer noopener\">Pixoset<\/a>: 3, Rue des Mouettes &#8211; 17137 L&#8217;Houmeau &#8211; France, Tel\u00e9fono (+33) 516 073 484. Todas las fotograf\u00edas e im\u00e1genes del sitio web de Ollagua est\u00e1n sujetas a derechos de autor, especialmente los de la Empresa Web Pixoset.<\/p>\n\n\n\n<h2 class=\"wp-block-heading\">Art\u00edculo 2. Recopilaci\u00f3n de datos del usuario y cumplimiento de la Ley de Protecci\u00f3n de Datos<\/h2>\n\n\n\n<p>El sitio web de Ollagua est\u00e1 exento de declaraci\u00f3n a la Comisi\u00f3n Inform\u00e1tica Nacional y Libertades (CNIL Francia) en la medida en que no recopile ning\u00fan dato de los Usuarios.<\/p>\n\n\n\n<h2 class=\"wp-block-heading\">Art\u00edculo 3. Pol\u00edtica de cookies<\/h2>\n\n\n\n<p>El sitio web de Ollagua utiliza t\u00e9cnicas de &#8220;cookies&#8221; que le permiten procesar estad\u00edsticas e informaci\u00f3n sobre el tr\u00e1fico, para facilitar la navegaci\u00f3n y mejorar el servicio para la comodidad del Usuario qui\u00e9n puede oponerse al registro de estas &#8220;cookies&#8221; configurando el software de su navegador.<\/p>\n\n\n\n<h2 class=\"wp-block-heading\">Art\u00edculo 4. Propiedad intelectual<\/h2>\n\n\n\n<p>Todo el contenido de este sitio (imagen, video, sonido, texto&#8230;) est\u00e1 protegido por las leyes vigentes en Francia en el campo de la propiedad intelectual y, en particular, los derechos de autor, los derechos conexos, el derecho de marcas. Todos los derechos de reproducci\u00f3n est\u00e1n reservados, incluidos los documentos descargables y las representaciones iconogr\u00e1ficas y fotogr\u00e1ficas. En ausencia de la autorizaci\u00f3n expresa de Boris Choquet y de la empresa de dise\u00f1o web Pixoset en Francia, est\u00e1 estrictamente prohibido utilizar dicho contenido y, en particular, reproducir, representar, modificar o adaptar en su totalidad o en parte.<\/p>\n\n\n\n<h2 class=\"wp-block-heading\">Art\u00edculo 5. Contacto<\/h2>\n\n\n\n<p>Para cualquier informe de contenido o actividades il\u00edcitas, el Usuario puede comunicarse con el Editor en la siguiente direcci\u00f3n: info@ollagua.com o por correo postal con acuse de recibo dirigido al Editor en las coordenadas especificadas en el art\u00edculo 1.<\/p>\n<\/div><\/div><\/div><\/div><\/div>\n","protected":false},"excerpt":{"rendered":"<p>Del sitio web de Ollagua<\/p>\n","protected":false},"author":1,"featured_media":4368,"parent":0,"menu_order":0,"comment_status":"closed","ping_status":"closed","template":"template-canvas-header-wide-page.php","meta":{"inline_featured_image":false,"footnotes":""},"class_list":["post-6260","page","type-page","status-publish","has-post-thumbnail","hentry"],"yoast_head":"<title>Notas Legales - OLLAGUA<\/title>\n<meta name=\"description\" content=\"Notas legales del sitio web de Ollagua, alquileres temporales de alojamientos en Bariloche, Patagonia Argentina\" \/>\n<meta name=\"robots\" content=\"index, follow, max-snippet:-1, max-image-preview:large, max-video-preview:-1\" \/>\n<link rel=\"canonical\" href=\"https:\/\/www.ollagua.com\/fr\/notas-legales\" \/>\n<meta property=\"og:locale\" content=\"fr_FR\" \/>\n<meta property=\"og:type\" content=\"article\" \/>\n<meta property=\"og:title\" content=\"Notas Legales - OLLAGUA\" \/>\n<meta property=\"og:description\" content=\"Notas legales del sitio web de Ollagua, alquileres temporales de alojamientos en Bariloche, Patagonia Argentina\" \/>\n<meta property=\"og:url\" content=\"https:\/\/www.ollagua.com\/fr\/notas-legales\" \/>\n<meta property=\"og:site_name\" content=\"OLLAGUA\" \/>\n<meta property=\"article:publisher\" content=\"https:\/\/www.facebook.com\/profile.php?id=100064207022827\" \/>\n<meta property=\"og:image\" content=\"https:\/\/www.ollagua.com\/fr\/medias\/sites\/4\/2026\/04\/balcon-premium_1.webp\" \/>\n\t<meta property=\"og:image:width\" content=\"1920\" \/>\n\t<meta property=\"og:image:height\" content=\"1280\" \/>\n\t<meta property=\"og:image:type\" content=\"image\/webp\" \/>\n<meta name=\"twitter:card\" content=\"summary_large_image\" \/>\n<meta name=\"twitter:label1\" content=\"Dur\u00e9e de lecture estim\u00e9e\" \/>\n\t<meta name=\"twitter:data1\" content=\"3 minutes\" \/>\n<script type=\"application\/ld+json\">{\"@context\":\"https:\\\/\\\/schema.org\",\"@graph\":[{\"@type\":\"WebPage\",\"@id\":\"https:\\\/\\\/www.ollagua.com\\\/fr\\\/notas-legales\",\"url\":\"https:\\\/\\\/www.ollagua.com\\\/fr\\\/notas-legales\",\"name\":\"Notas Legales - OLLAGUA\",\"isPartOf\":{\"@id\":\"https:\\\/\\\/www.ollagua.com\\\/fr\\\/#website\"},\"primaryImageOfPage\":{\"@id\":\"https:\\\/\\\/www.ollagua.com\\\/fr\\\/notas-legales#primaryimage\"},\"image\":{\"@id\":\"https:\\\/\\\/www.ollagua.com\\\/fr\\\/notas-legales#primaryimage\"},\"thumbnailUrl\":\"\",\"datePublished\":\"2026-03-10T07:52:03+00:00\",\"description\":\"Notas legales del sitio web de Ollagua, alquileres temporales de alojamientos en Bariloche, Patagonia Argentina\",\"breadcrumb\":{\"@id\":\"https:\\\/\\\/www.ollagua.com\\\/fr\\\/notas-legales#breadcrumb\"},\"inLanguage\":\"fr-FR\",\"potentialAction\":[{\"@type\":\"ReadAction\",\"target\":[\"https:\\\/\\\/www.ollagua.com\\\/fr\\\/notas-legales\"]}]},{\"@type\":\"ImageObject\",\"inLanguage\":\"fr-FR\",\"@id\":\"https:\\\/\\\/www.ollagua.com\\\/fr\\\/notas-legales#primaryimage\",\"url\":\"\",\"contentUrl\":\"\"},{\"@type\":\"BreadcrumbList\",\"@id\":\"https:\\\/\\\/www.ollagua.com\\\/fr\\\/notas-legales#breadcrumb\",\"itemListElement\":[{\"@type\":\"ListItem\",\"position\":1,\"name\":\"OLLAGUA\",\"item\":\"https:\\\/\\\/www.ollagua.com\\\/fr\\\/\"},{\"@type\":\"ListItem\",\"position\":2,\"name\":\"Notas Legales\"}]},{\"@type\":\"WebSite\",\"@id\":\"https:\\\/\\\/www.ollagua.com\\\/fr\\\/#website\",\"url\":\"https:\\\/\\\/www.ollagua.com\\\/fr\\\/\",\"name\":\"OLLAGUA\",\"description\":\"Vos prochaines vacances\",\"publisher\":{\"@id\":\"https:\\\/\\\/www.ollagua.com\\\/fr\\\/#organization\"},\"alternateName\":\"Belle vue\",\"potentialAction\":[{\"@type\":\"SearchAction\",\"target\":{\"@type\":\"EntryPoint\",\"urlTemplate\":\"https:\\\/\\\/www.ollagua.com\\\/fr\\\/?s={search_term_string}\"},\"query-input\":{\"@type\":\"PropertyValueSpecification\",\"valueRequired\":true,\"valueName\":\"search_term_string\"}}],\"inLanguage\":\"fr-FR\"},{\"@type\":\"Organization\",\"@id\":\"https:\\\/\\\/www.ollagua.com\\\/fr\\\/#organization\",\"name\":\"OLLAGUA\",\"alternateName\":\"Belle vue\",\"url\":\"https:\\\/\\\/www.ollagua.com\\\/fr\\\/\",\"logo\":{\"@type\":\"ImageObject\",\"inLanguage\":\"fr-FR\",\"@id\":\"https:\\\/\\\/www.ollagua.com\\\/fr\\\/#\\\/schema\\\/logo\\\/image\\\/\",\"url\":\"https:\\\/\\\/www.ollagua.com\\\/fr\\\/medias\\\/sites\\\/4\\\/2026\\\/04\\\/Logo_Ollagua_Header.png\",\"contentUrl\":\"https:\\\/\\\/www.ollagua.com\\\/fr\\\/medias\\\/sites\\\/4\\\/2026\\\/04\\\/Logo_Ollagua_Header.png\",\"width\":150,\"height\":50,\"caption\":\"OLLAGUA\"},\"image\":{\"@id\":\"https:\\\/\\\/www.ollagua.com\\\/fr\\\/#\\\/schema\\\/logo\\\/image\\\/\"},\"sameAs\":[\"https:\\\/\\\/www.facebook.com\\\/profile.php?id=100064207022827\"]}]}<\/script>","yoast_head_json":{"title":"Notas Legales - OLLAGUA","description":"Notas legales del sitio web de Ollagua, alquileres temporales de alojamientos en Bariloche, Patagonia Argentina","robots":{"index":"index","follow":"follow","max-snippet":"max-snippet:-1","max-image-preview":"max-image-preview:large","max-video-preview":"max-video-preview:-1"},"canonical":"https:\/\/www.ollagua.com\/fr\/notas-legales","og_locale":"fr_FR","og_type":"article","og_title":"Notas Legales - OLLAGUA","og_description":"Notas legales del sitio web de Ollagua, alquileres temporales de alojamientos en Bariloche, Patagonia Argentina","og_url":"https:\/\/www.ollagua.com\/fr\/notas-legales","og_site_name":"OLLAGUA","article_publisher":"https:\/\/www.facebook.com\/profile.php?id=100064207022827","og_image":[{"width":1920,"height":1280,"url":"https:\/\/www.ollagua.com\/fr\/medias\/sites\/4\/2026\/04\/balcon-premium_1.webp","type":"image\/webp"}],"twitter_card":"summary_large_image","twitter_misc":{"Dur\u00e9e de lecture estim\u00e9e":"3 minutes"},"schema":{"@context":"https:\/\/schema.org","@graph":[{"@type":"WebPage","@id":"https:\/\/www.ollagua.com\/fr\/notas-legales","url":"https:\/\/www.ollagua.com\/fr\/notas-legales","name":"Notas Legales - OLLAGUA","isPartOf":{"@id":"https:\/\/www.ollagua.com\/fr\/#website"},"primaryImageOfPage":{"@id":"https:\/\/www.ollagua.com\/fr\/notas-legales#primaryimage"},"image":{"@id":"https:\/\/www.ollagua.com\/fr\/notas-legales#primaryimage"},"thumbnailUrl":"","datePublished":"2026-03-10T07:52:03+00:00","description":"Notas legales del sitio web de Ollagua, alquileres temporales de alojamientos en Bariloche, Patagonia Argentina","breadcrumb":{"@id":"https:\/\/www.ollagua.com\/fr\/notas-legales#breadcrumb"},"inLanguage":"fr-FR","potentialAction":[{"@type":"ReadAction","target":["https:\/\/www.ollagua.com\/fr\/notas-legales"]}]},{"@type":"ImageObject","inLanguage":"fr-FR","@id":"https:\/\/www.ollagua.com\/fr\/notas-legales#primaryimage","url":"","contentUrl":""},{"@type":"BreadcrumbList","@id":"https:\/\/www.ollagua.com\/fr\/notas-legales#breadcrumb","itemListElement":[{"@type":"ListItem","position":1,"name":"OLLAGUA","item":"https:\/\/www.ollagua.com\/fr\/"},{"@type":"ListItem","position":2,"name":"Notas Legales"}]},{"@type":"WebSite","@id":"https:\/\/www.ollagua.com\/fr\/#website","url":"https:\/\/www.ollagua.com\/fr\/","name":"OLLAGUA","description":"Vos prochaines vacances","publisher":{"@id":"https:\/\/www.ollagua.com\/fr\/#organization"},"alternateName":"Belle vue","potentialAction":[{"@type":"SearchAction","target":{"@type":"EntryPoint","urlTemplate":"https:\/\/www.ollagua.com\/fr\/?s={search_term_string}"},"query-input":{"@type":"PropertyValueSpecification","valueRequired":true,"valueName":"search_term_string"}}],"inLanguage":"fr-FR"},{"@type":"Organization","@id":"https:\/\/www.ollagua.com\/fr\/#organization","name":"OLLAGUA","alternateName":"Belle vue","url":"https:\/\/www.ollagua.com\/fr\/","logo":{"@type":"ImageObject","inLanguage":"fr-FR","@id":"https:\/\/www.ollagua.com\/fr\/#\/schema\/logo\/image\/","url":"https:\/\/www.ollagua.com\/fr\/medias\/sites\/4\/2026\/04\/Logo_Ollagua_Header.png","contentUrl":"https:\/\/www.ollagua.com\/fr\/medias\/sites\/4\/2026\/04\/Logo_Ollagua_Header.png","width":150,"height":50,"caption":"OLLAGUA"},"image":{"@id":"https:\/\/www.ollagua.com\/fr\/#\/schema\/logo\/image\/"},"sameAs":["https:\/\/www.facebook.com\/profile.php?id=100064207022827"]}]}},"_links":{"self":[{"href":"https:\/\/www.ollagua.com\/fr\/wp-json\/wp\/v2\/pages\/6260","targetHints":{"allow":["GET"]}}],"collection":[{"href":"https:\/\/www.ollagua.com\/fr\/wp-json\/wp\/v2\/pages"}],"about":[{"href":"https:\/\/www.ollagua.com\/fr\/wp-json\/wp\/v2\/types\/page"}],"author":[{"embeddable":true,"href":"https:\/\/www.ollagua.com\/fr\/wp-json\/wp\/v2\/users\/1"}],"replies":[{"embeddable":true,"href":"https:\/\/www.ollagua.com\/fr\/wp-json\/wp\/v2\/comments?post=6260"}],"version-history":[{"count":0,"href":"https:\/\/www.ollagua.com\/fr\/wp-json\/wp\/v2\/pages\/6260\/revisions"}],"wp:featuredmedia":[{"embeddable":true,"href":"https:\/\/www.ollagua.com\/fr\/wp-json\/"}],"wp:attachment":[{"href":"https:\/\/www.ollagua.com\/fr\/wp-json\/wp\/v2\/media?parent=6260"}],"curies":[{"name":"wp","href":"https:\/\/api.w.org\/{rel}","templated":true}]}}