{"id":5635,"date":"2026-01-17T15:05:40","date_gmt":"2026-01-17T18:05:40","guid":{"rendered":"https:\/\/www.ollagua.com\/?page_id=5635"},"modified":"2026-04-10T17:59:10","modified_gmt":"2026-04-10T15:59:10","slug":"terrazas-vista-al-lago","status":"publish","type":"page","link":"https:\/\/www.ollagua.com\/fr\/hebergements\/terrazas-vista-al-lago","title":{"rendered":"Terrazas Vista al Lago"},"content":{"rendered":"\n<div class=\"wp-block-getwid-section getwid-anim fadeInUpShort\" data-wow-duration=\"1500ms\" data-wow-delay=\"200ms\"><div class=\"wp-block-getwid-section__wrapper\"><div class=\"wp-block-getwid-section__inner-wrapper\"><div class=\"wp-block-getwid-section__background-holder\"><div class=\"wp-block-getwid-section__background\"><\/div><div class=\"wp-block-getwid-section__foreground\"><\/div><\/div><div class=\"wp-block-getwid-section__content\"><div class=\"wp-block-getwid-section__inner-content\"><div class=\"mphb_sc_rooms-wrapper mphb-room-types is-style-grid alignfull\">    <div class=\"loop-rooms-wrapper\">\n\t\n<div class=\"mphb-room-type post-5876 mphb_room_type type-mphb_room_type status-publish has-post-thumbnail mphb_room_type_category-terrazas-vista-al-lago mphb_room_type_facility-heladera mphb_room_type_facility-lavarropas mphb_room_type_facility-lavavajillas mphb_room_type_facility-secador-de-cabello mphb_room_type_facility-televisor-hd mphb_room_type_facility-tostadora mphb-room-type-adults-3 mphb-room-type-children-0 \">\n\n\t\n\t<div class=\"loop-room-wrapper\">\n\t\t\t\t\t<div class=\"loop-room-images-wrapper\">\n            \t            \t<div class=\"room-meta-wrapper\">\n\t\t\t\t<div class=\"loop-room-categories\"><a href=\"https:\/\/www.ollagua.com\/fr\/accommodation-category\/terrazas-vista-al-lago\" rel=\"tag\">Terrazas Vista al Lago<\/a><\/div>            \t<\/div>\n                \n\n\t<p class=\"post-thumbnail mphb-loop-room-thumbnail\">\n\t<a href=\"https:\/\/www.ollagua.com\/fr\/accommodation\/departamento-bariloche-303\">\n\t\t<\/a>\n\n\t<\/p>\n\t\t\t<\/div>\n\t\t\t\t\t\t<div class=\"loop-room-info-wrapper\">\n\t\t\t\t\n<h2 class=\"mphb-room-type-title entry-title\">\n\n<a class=\"mphb-room-type-title\" href=\"https:\/\/www.ollagua.com\/fr\/accommodation\/departamento-bariloche-303\">Departamento 303<\/a>\n\n<\/h2>    <ul class=\"loop-room-short-attributes\">\n\t\t<li class=\"mphb-room-type-total-capacity\"><span class=\"mphb-attribute-title mphb-total-capacity-title\">Invit\u00e9s:<\/span><span class=\"mphb-attribute-value\">\n\t3\n\t<\/span><\/li>\t\n\n\n\n\n\t<li class=\"mphb-room-type-size\"><span class=\"mphb-attribute-title mphb-size-title\">Taille :<\/span><span class=\"mphb-attribute-value\">\n\t32m\u00b2\n\t<\/span><\/li>\n\t    <\/ul>\n\t\n\n<p>Vista panor\u00e1mica en pleno centro de Bariloche &#8211; Ideal para 1 a 3 personas.<\/p>\n\n\n<ul class=\"mphb-loop-room-type-attributes\">\n\n\n\n\t<li class=\"mphb-room-type-view\"><span class=\"mphb-attribute-title mphb-view-title\">Vue :<\/span><span class=\"mphb-attribute-value\">\n\tVista Bariloche y Lago\n\t<\/span><\/li>\n\t\n\n\t<li class=\"mphb-room-type-bed-type\"><span  class=\"mphb-attribute-title mphb-bed-type-title\">Type de lit :<\/span><span class=\"mphb-attribute-value\">\n\t1 cama matrimonial y 1 camita infantil\n\t<\/span><\/li>\n\t\n\n\t<li class=\"mphb-room-type-categories\"><span class=\"mphb-attribute-title mphb-categories-title\">Cat\u00e9gories :<\/span><span class=\"mphb-attribute-value\"> <span class=\"category-terrazas-vista-al-lago\"><a href=\"https:\/\/www.ollagua.com\/fr\/accommodation-category\/terrazas-vista-al-lago\">Terrazas Vista al Lago<\/a><\/span><\/span><\/li>\n\t\n\n\t<li class=\"mphb-room-type-facilities\"><span class=\"mphb-attribute-title mphb-facilities-title\">\u00c9quipements :<\/span><span class=\"mphb-attribute-value\"> <span class=\"facility-heladera\"><a href=\"https:\/\/www.ollagua.com\/fr\/accommodation-facility\/heladera\">Heladera<\/a><\/span>, <span class=\"facility-lavarropas\"><a href=\"https:\/\/www.ollagua.com\/fr\/accommodation-facility\/lavarropas\">Lavarropas<\/a><\/span>, <span class=\"facility-lavavajillas\"><a href=\"https:\/\/www.ollagua.com\/fr\/accommodation-facility\/lavavajillas\">Lavavajillas<\/a><\/span>, <span class=\"facility-secador-de-cabello\"><a href=\"https:\/\/www.ollagua.com\/fr\/accommodation-facility\/secador-de-cabello\">Secador de cabello<\/a><\/span>, <span class=\"facility-televisor-hd\"><a href=\"https:\/\/www.ollagua.com\/fr\/accommodation-facility\/televisor-hd\">Televisor HD<\/a><\/span>, <span class=\"facility-tostadora\"><a href=\"https:\/\/www.ollagua.com\/fr\/accommodation-facility\/tostadora\">Tostadora<\/a><\/span><\/span><\/li>\n\t\n<\/ul>\t\t\t<\/div>\n\t\t\t\t\t<div class=\"loop-room-book-wrapper\">\n\t\t\t\t\n<p class=\"mphb-view-details-button-wrapper\">\n<a class=\"button mphb-view-details-button\" href=\"https:\/\/www.ollagua.com\/fr\/accommodation\/departamento-bariloche-303\" >Voir les d\u00e9tails<\/a>\n<\/p>\t\t\t<\/div>\n\t\t\n\t<\/div>\n\t\n<\/div>\n\n<div class=\"mphb-room-type post-5898 mphb_room_type type-mphb_room_type status-publish has-post-thumbnail mphb_room_type_category-terrazas-vista-al-lago mphb_room_type_facility-heladera mphb_room_type_facility-lavarropas mphb_room_type_facility-lavavajillas mphb_room_type_facility-secador-de-cabello mphb_room_type_facility-televisor-hd mphb_room_type_facility-tostadora mphb-room-type-adults-3 mphb-room-type-children-0 \">\n\n\t\n\t<div class=\"loop-room-wrapper\">\n\t\t\t\t\t<div class=\"loop-room-images-wrapper\">\n            \t            \t<div class=\"room-meta-wrapper\">\n\t\t\t\t<div class=\"loop-room-categories\"><a href=\"https:\/\/www.ollagua.com\/fr\/accommodation-category\/terrazas-vista-al-lago\" rel=\"tag\">Terrazas Vista al Lago<\/a><\/div>            \t<\/div>\n                \n\n\t<p class=\"post-thumbnail mphb-loop-room-thumbnail\">\n\t<a href=\"https:\/\/www.ollagua.com\/fr\/accommodation\/departamento-bariloche-307\">\n\t\t<\/a>\n\n\t<\/p>\n\t\t\t<\/div>\n\t\t\t\t\t\t<div class=\"loop-room-info-wrapper\">\n\t\t\t\t\n<h2 class=\"mphb-room-type-title entry-title\">\n\n<a class=\"mphb-room-type-title\" href=\"https:\/\/www.ollagua.com\/fr\/accommodation\/departamento-bariloche-307\">Departamento 307<\/a>\n\n<\/h2>    <ul class=\"loop-room-short-attributes\">\n\t\t<li class=\"mphb-room-type-total-capacity\"><span class=\"mphb-attribute-title mphb-total-capacity-title\">Invit\u00e9s:<\/span><span class=\"mphb-attribute-value\">\n\t3\n\t<\/span><\/li>\t\n\n\n\n\n\t<li class=\"mphb-room-type-size\"><span class=\"mphb-attribute-title mphb-size-title\">Taille :<\/span><span class=\"mphb-attribute-value\">\n\t32m\u00b2\n\t<\/span><\/li>\n\t    <\/ul>\n\t\n\n<p>Vista panor\u00e1mica en pleno centro de Bariloche &#8211; Ideal para 1 a 3 personas.<\/p>\n\n\n<ul class=\"mphb-loop-room-type-attributes\">\n\n\n\n\t<li class=\"mphb-room-type-view\"><span class=\"mphb-attribute-title mphb-view-title\">Vue :<\/span><span class=\"mphb-attribute-value\">\n\tVista Bariloche y Lago\n\t<\/span><\/li>\n\t\n\n\t<li class=\"mphb-room-type-bed-type\"><span  class=\"mphb-attribute-title mphb-bed-type-title\">Type de lit :<\/span><span class=\"mphb-attribute-value\">\n\t1 cama matrimonial y 1 camita infantil\n\t<\/span><\/li>\n\t\n\n\t<li class=\"mphb-room-type-categories\"><span class=\"mphb-attribute-title mphb-categories-title\">Cat\u00e9gories :<\/span><span class=\"mphb-attribute-value\"> <span class=\"category-terrazas-vista-al-lago\"><a href=\"https:\/\/www.ollagua.com\/fr\/accommodation-category\/terrazas-vista-al-lago\">Terrazas Vista al Lago<\/a><\/span><\/span><\/li>\n\t\n\n\t<li class=\"mphb-room-type-facilities\"><span class=\"mphb-attribute-title mphb-facilities-title\">\u00c9quipements :<\/span><span class=\"mphb-attribute-value\"> <span class=\"facility-heladera\"><a href=\"https:\/\/www.ollagua.com\/fr\/accommodation-facility\/heladera\">Heladera<\/a><\/span>, <span class=\"facility-lavarropas\"><a href=\"https:\/\/www.ollagua.com\/fr\/accommodation-facility\/lavarropas\">Lavarropas<\/a><\/span>, <span class=\"facility-lavavajillas\"><a href=\"https:\/\/www.ollagua.com\/fr\/accommodation-facility\/lavavajillas\">Lavavajillas<\/a><\/span>, <span class=\"facility-secador-de-cabello\"><a href=\"https:\/\/www.ollagua.com\/fr\/accommodation-facility\/secador-de-cabello\">Secador de cabello<\/a><\/span>, <span class=\"facility-televisor-hd\"><a href=\"https:\/\/www.ollagua.com\/fr\/accommodation-facility\/televisor-hd\">Televisor HD<\/a><\/span>, <span class=\"facility-tostadora\"><a href=\"https:\/\/www.ollagua.com\/fr\/accommodation-facility\/tostadora\">Tostadora<\/a><\/span><\/span><\/li>\n\t\n<\/ul>\t\t\t<\/div>\n\t\t\t\t\t<div class=\"loop-room-book-wrapper\">\n\t\t\t\t\n<p class=\"mphb-view-details-button-wrapper\">\n<a class=\"button mphb-view-details-button\" href=\"https:\/\/www.ollagua.com\/fr\/accommodation\/departamento-bariloche-307\" >Voir les d\u00e9tails<\/a>\n<\/p>\t\t\t<\/div>\n\t\t\n\t<\/div>\n\t\n<\/div>\n\n<div class=\"mphb-room-type post-5911 mphb_room_type type-mphb_room_type status-publish has-post-thumbnail mphb_room_type_category-terrazas-vista-al-lago mphb_room_type_facility-heladera mphb_room_type_facility-lavarropas mphb_room_type_facility-lavavajillas mphb_room_type_facility-secador-de-cabello mphb_room_type_facility-televisor-hd mphb_room_type_facility-tostadora mphb-room-type-adults-5 mphb-room-type-children-0 \">\n\n\t\n\t<div class=\"loop-room-wrapper\">\n\t\t\t\t\t<div class=\"loop-room-images-wrapper\">\n            \t            \t<div class=\"room-meta-wrapper\">\n\t\t\t\t<div class=\"loop-room-categories\"><a href=\"https:\/\/www.ollagua.com\/fr\/accommodation-category\/terrazas-vista-al-lago\" rel=\"tag\">Terrazas Vista al Lago<\/a><\/div>            \t<\/div>\n                \n\n\t<p class=\"post-thumbnail mphb-loop-room-thumbnail\">\n\t<a href=\"https:\/\/www.ollagua.com\/fr\/accommodation\/departamento-duplex\">\n\t\t<\/a>\n\n\t<\/p>\n\t\t\t<\/div>\n\t\t\t\t\t\t<div class=\"loop-room-info-wrapper\">\n\t\t\t\t\n<h2 class=\"mphb-room-type-title entry-title\">\n\n<a class=\"mphb-room-type-title\" href=\"https:\/\/www.ollagua.com\/fr\/accommodation\/departamento-duplex\">Departamento D\u00daPLEX<\/a>\n\n<\/h2>    <ul class=\"loop-room-short-attributes\">\n\t\t<li class=\"mphb-room-type-total-capacity\"><span class=\"mphb-attribute-title mphb-total-capacity-title\">Invit\u00e9s:<\/span><span class=\"mphb-attribute-value\">\n\t5\n\t<\/span><\/li>\t\n\n\n\n\n\t<li class=\"mphb-room-type-size\"><span class=\"mphb-attribute-title mphb-size-title\">Taille :<\/span><span class=\"mphb-attribute-value\">\n\t60m\u00b2\n\t<\/span><\/li>\n\t    <\/ul>\n\t\n\n<p>Dos pisos para un gran confort &#8211; Ideal para 3, 4 o 5 personas.<\/p>\n\n\n<ul class=\"mphb-loop-room-type-attributes\">\n\n\n\n\t<li class=\"mphb-room-type-view\"><span class=\"mphb-attribute-title mphb-view-title\">Vue :<\/span><span class=\"mphb-attribute-value\">\n\tVista Bariloche y Naturaleza\n\t<\/span><\/li>\n\t\n\n\t<li class=\"mphb-room-type-bed-type\"><span  class=\"mphb-attribute-title mphb-bed-type-title\">Type de lit :<\/span><span class=\"mphb-attribute-value\">\n\t1 cama matrimonial, 2 camas individuales y un sof\u00e1 convertible\n\t<\/span><\/li>\n\t\n\n\t<li class=\"mphb-room-type-categories\"><span class=\"mphb-attribute-title mphb-categories-title\">Cat\u00e9gories :<\/span><span class=\"mphb-attribute-value\"> <span class=\"category-terrazas-vista-al-lago\"><a href=\"https:\/\/www.ollagua.com\/fr\/accommodation-category\/terrazas-vista-al-lago\">Terrazas Vista al Lago<\/a><\/span><\/span><\/li>\n\t\n\n\t<li class=\"mphb-room-type-facilities\"><span class=\"mphb-attribute-title mphb-facilities-title\">\u00c9quipements :<\/span><span class=\"mphb-attribute-value\"> <span class=\"facility-heladera\"><a href=\"https:\/\/www.ollagua.com\/fr\/accommodation-facility\/heladera\">Heladera<\/a><\/span>, <span class=\"facility-lavarropas\"><a href=\"https:\/\/www.ollagua.com\/fr\/accommodation-facility\/lavarropas\">Lavarropas<\/a><\/span>, <span class=\"facility-lavavajillas\"><a href=\"https:\/\/www.ollagua.com\/fr\/accommodation-facility\/lavavajillas\">Lavavajillas<\/a><\/span>, <span class=\"facility-secador-de-cabello\"><a href=\"https:\/\/www.ollagua.com\/fr\/accommodation-facility\/secador-de-cabello\">Secador de cabello<\/a><\/span>, <span class=\"facility-televisor-hd\"><a href=\"https:\/\/www.ollagua.com\/fr\/accommodation-facility\/televisor-hd\">Televisor HD<\/a><\/span>, <span class=\"facility-tostadora\"><a href=\"https:\/\/www.ollagua.com\/fr\/accommodation-facility\/tostadora\">Tostadora<\/a><\/span><\/span><\/li>\n\t\n<\/ul>\t\t\t<\/div>\n\t\t\t\t\t<div class=\"loop-room-book-wrapper\">\n\t\t\t\t\n<p class=\"mphb-view-details-button-wrapper\">\n<a class=\"button mphb-view-details-button\" href=\"https:\/\/www.ollagua.com\/fr\/accommodation\/departamento-duplex\" >Voir les d\u00e9tails<\/a>\n<\/p>\t\t\t<\/div>\n\t\t\n\t<\/div>\n\t\n<\/div>\n    <\/div>\n\t<\/div><\/div><\/div><\/div><\/div><\/div>\n","protected":false},"excerpt":{"rendered":"<p>Appartements \u00e0 louer, r\u00e9sidence Terrazas, face au lac Nahuel Huapi<\/p>\n","protected":false},"author":1,"featured_media":7222,"parent":48,"menu_order":0,"comment_status":"closed","ping_status":"closed","template":"template-canvas-header-wider-page.php","meta":{"inline_featured_image":false,"footnotes":""},"class_list":["post-5635","page","type-page","status-publish","has-post-thumbnail","hentry"],"yoast_head":"<title>Terrazas Vista al Lago - OLLAGUA<\/title>\n<meta name=\"description\" content=\"Appartements en location saisonni\u00e8re, r\u00e9sidence Terrazas Vista al Lago, pr\u00e8s du lac Nahuel Huapi, \u00e0 San Carlos de Bariloche\" \/>\n<meta name=\"robots\" content=\"index, follow, max-snippet:-1, max-image-preview:large, max-video-preview:-1\" \/>\n<link rel=\"canonical\" href=\"https:\/\/www.ollagua.com\/fr\/hebergements\/terrazas-vista-al-lago\" \/>\n<meta property=\"og:locale\" content=\"fr_FR\" \/>\n<meta property=\"og:type\" content=\"article\" \/>\n<meta property=\"og:title\" content=\"Terrazas Vista al Lago - OLLAGUA\" \/>\n<meta property=\"og:description\" content=\"Appartements en location saisonni\u00e8re, r\u00e9sidence Terrazas Vista al Lago, pr\u00e8s du lac Nahuel Huapi, \u00e0 San Carlos de Bariloche\" \/>\n<meta property=\"og:url\" content=\"https:\/\/www.ollagua.com\/fr\/hebergements\/terrazas-vista-al-lago\" \/>\n<meta property=\"og:site_name\" content=\"OLLAGUA\" \/>\n<meta property=\"article:publisher\" content=\"https:\/\/www.facebook.com\/profile.php?id=100064207022827\" \/>\n<meta property=\"article:modified_time\" content=\"2026-04-10T15:59:10+00:00\" \/>\n<meta property=\"og:image\" content=\"https:\/\/www.ollagua.com\/fr\/medias\/sites\/4\/2026\/04\/terrazas-vista-al-lago.webp\" \/>\n\t<meta property=\"og:image:width\" content=\"1920\" \/>\n\t<meta property=\"og:image:height\" content=\"1280\" \/>\n\t<meta property=\"og:image:type\" content=\"image\/webp\" \/>\n<meta name=\"twitter:card\" content=\"summary_large_image\" \/>\n<meta name=\"twitter:label1\" content=\"Dur\u00e9e de lecture estim\u00e9e\" \/>\n\t<meta name=\"twitter:data1\" content=\"1 minute\" \/>\n<script type=\"application\/ld+json\">{\"@context\":\"https:\\\/\\\/schema.org\",\"@graph\":[{\"@type\":\"WebPage\",\"@id\":\"https:\\\/\\\/www.ollagua.com\\\/fr\\\/hebergements\\\/terrazas-vista-al-lago\",\"url\":\"https:\\\/\\\/www.ollagua.com\\\/fr\\\/hebergements\\\/terrazas-vista-al-lago\",\"name\":\"Terrazas Vista al Lago - OLLAGUA\",\"isPartOf\":{\"@id\":\"https:\\\/\\\/www.ollagua.com\\\/fr\\\/#website\"},\"primaryImageOfPage\":{\"@id\":\"https:\\\/\\\/www.ollagua.com\\\/fr\\\/hebergements\\\/terrazas-vista-al-lago#primaryimage\"},\"image\":{\"@id\":\"https:\\\/\\\/www.ollagua.com\\\/fr\\\/hebergements\\\/terrazas-vista-al-lago#primaryimage\"},\"thumbnailUrl\":\"https:\\\/\\\/www.ollagua.com\\\/fr\\\/medias\\\/sites\\\/4\\\/2026\\\/04\\\/terrazas-vista-al-lago.webp\",\"datePublished\":\"2026-01-17T18:05:40+00:00\",\"dateModified\":\"2026-04-10T15:59:10+00:00\",\"description\":\"Appartements en location saisonni\u00e8re, r\u00e9sidence Terrazas Vista al Lago, pr\u00e8s du lac Nahuel Huapi, \u00e0 San Carlos de Bariloche\",\"breadcrumb\":{\"@id\":\"https:\\\/\\\/www.ollagua.com\\\/fr\\\/hebergements\\\/terrazas-vista-al-lago#breadcrumb\"},\"inLanguage\":\"fr-FR\",\"potentialAction\":[{\"@type\":\"ReadAction\",\"target\":[\"https:\\\/\\\/www.ollagua.com\\\/fr\\\/hebergements\\\/terrazas-vista-al-lago\"]}]},{\"@type\":\"ImageObject\",\"inLanguage\":\"fr-FR\",\"@id\":\"https:\\\/\\\/www.ollagua.com\\\/fr\\\/hebergements\\\/terrazas-vista-al-lago#primaryimage\",\"url\":\"https:\\\/\\\/www.ollagua.com\\\/fr\\\/medias\\\/sites\\\/4\\\/2026\\\/04\\\/terrazas-vista-al-lago.webp\",\"contentUrl\":\"https:\\\/\\\/www.ollagua.com\\\/fr\\\/medias\\\/sites\\\/4\\\/2026\\\/04\\\/terrazas-vista-al-lago.webp\",\"width\":1920,\"height\":1280,\"caption\":\"Terrasses vue sur le Lac Nahuel Huapi\"},{\"@type\":\"BreadcrumbList\",\"@id\":\"https:\\\/\\\/www.ollagua.com\\\/fr\\\/hebergements\\\/terrazas-vista-al-lago#breadcrumb\",\"itemListElement\":[{\"@type\":\"ListItem\",\"position\":1,\"name\":\"OLLAGUA\",\"item\":\"https:\\\/\\\/www.ollagua.com\\\/fr\\\/\"},{\"@type\":\"ListItem\",\"position\":2,\"name\":\"Les h\u00e9bergements\",\"item\":\"https:\\\/\\\/www.ollagua.com\\\/fr\\\/hebergements\"},{\"@type\":\"ListItem\",\"position\":3,\"name\":\"Terrazas Vista al Lago\"}]},{\"@type\":\"WebSite\",\"@id\":\"https:\\\/\\\/www.ollagua.com\\\/fr\\\/#website\",\"url\":\"https:\\\/\\\/www.ollagua.com\\\/fr\\\/\",\"name\":\"OLLAGUA\",\"description\":\"Vos prochaines vacances\",\"publisher\":{\"@id\":\"https:\\\/\\\/www.ollagua.com\\\/fr\\\/#organization\"},\"alternateName\":\"Belle vue\",\"potentialAction\":[{\"@type\":\"SearchAction\",\"target\":{\"@type\":\"EntryPoint\",\"urlTemplate\":\"https:\\\/\\\/www.ollagua.com\\\/fr\\\/?s={search_term_string}\"},\"query-input\":{\"@type\":\"PropertyValueSpecification\",\"valueRequired\":true,\"valueName\":\"search_term_string\"}}],\"inLanguage\":\"fr-FR\"},{\"@type\":\"Organization\",\"@id\":\"https:\\\/\\\/www.ollagua.com\\\/fr\\\/#organization\",\"name\":\"OLLAGUA\",\"alternateName\":\"Belle vue\",\"url\":\"https:\\\/\\\/www.ollagua.com\\\/fr\\\/\",\"logo\":{\"@type\":\"ImageObject\",\"inLanguage\":\"fr-FR\",\"@id\":\"https:\\\/\\\/www.ollagua.com\\\/fr\\\/#\\\/schema\\\/logo\\\/image\\\/\",\"url\":\"https:\\\/\\\/www.ollagua.com\\\/fr\\\/medias\\\/sites\\\/4\\\/2026\\\/04\\\/Logo_Ollagua_Header.png\",\"contentUrl\":\"https:\\\/\\\/www.ollagua.com\\\/fr\\\/medias\\\/sites\\\/4\\\/2026\\\/04\\\/Logo_Ollagua_Header.png\",\"width\":150,\"height\":50,\"caption\":\"OLLAGUA\"},\"image\":{\"@id\":\"https:\\\/\\\/www.ollagua.com\\\/fr\\\/#\\\/schema\\\/logo\\\/image\\\/\"},\"sameAs\":[\"https:\\\/\\\/www.facebook.com\\\/profile.php?id=100064207022827\"]}]}<\/script>","yoast_head_json":{"title":"Terrazas Vista al Lago - OLLAGUA","description":"Appartements en location saisonni\u00e8re, r\u00e9sidence Terrazas Vista al Lago, pr\u00e8s du lac Nahuel Huapi, \u00e0 San Carlos de Bariloche","robots":{"index":"index","follow":"follow","max-snippet":"max-snippet:-1","max-image-preview":"max-image-preview:large","max-video-preview":"max-video-preview:-1"},"canonical":"https:\/\/www.ollagua.com\/fr\/hebergements\/terrazas-vista-al-lago","og_locale":"fr_FR","og_type":"article","og_title":"Terrazas Vista al Lago - OLLAGUA","og_description":"Appartements en location saisonni\u00e8re, r\u00e9sidence Terrazas Vista al Lago, pr\u00e8s du lac Nahuel Huapi, \u00e0 San Carlos de Bariloche","og_url":"https:\/\/www.ollagua.com\/fr\/hebergements\/terrazas-vista-al-lago","og_site_name":"OLLAGUA","article_publisher":"https:\/\/www.facebook.com\/profile.php?id=100064207022827","article_modified_time":"2026-04-10T15:59:10+00:00","og_image":[{"width":1920,"height":1280,"url":"https:\/\/www.ollagua.com\/fr\/medias\/sites\/4\/2026\/04\/terrazas-vista-al-lago.webp","type":"image\/webp"}],"twitter_card":"summary_large_image","twitter_misc":{"Dur\u00e9e de lecture estim\u00e9e":"1 minute"},"schema":{"@context":"https:\/\/schema.org","@graph":[{"@type":"WebPage","@id":"https:\/\/www.ollagua.com\/fr\/hebergements\/terrazas-vista-al-lago","url":"https:\/\/www.ollagua.com\/fr\/hebergements\/terrazas-vista-al-lago","name":"Terrazas Vista al Lago - OLLAGUA","isPartOf":{"@id":"https:\/\/www.ollagua.com\/fr\/#website"},"primaryImageOfPage":{"@id":"https:\/\/www.ollagua.com\/fr\/hebergements\/terrazas-vista-al-lago#primaryimage"},"image":{"@id":"https:\/\/www.ollagua.com\/fr\/hebergements\/terrazas-vista-al-lago#primaryimage"},"thumbnailUrl":"https:\/\/www.ollagua.com\/fr\/medias\/sites\/4\/2026\/04\/terrazas-vista-al-lago.webp","datePublished":"2026-01-17T18:05:40+00:00","dateModified":"2026-04-10T15:59:10+00:00","description":"Appartements en location saisonni\u00e8re, r\u00e9sidence Terrazas Vista al Lago, pr\u00e8s du lac Nahuel Huapi, \u00e0 San Carlos de Bariloche","breadcrumb":{"@id":"https:\/\/www.ollagua.com\/fr\/hebergements\/terrazas-vista-al-lago#breadcrumb"},"inLanguage":"fr-FR","potentialAction":[{"@type":"ReadAction","target":["https:\/\/www.ollagua.com\/fr\/hebergements\/terrazas-vista-al-lago"]}]},{"@type":"ImageObject","inLanguage":"fr-FR","@id":"https:\/\/www.ollagua.com\/fr\/hebergements\/terrazas-vista-al-lago#primaryimage","url":"https:\/\/www.ollagua.com\/fr\/medias\/sites\/4\/2026\/04\/terrazas-vista-al-lago.webp","contentUrl":"https:\/\/www.ollagua.com\/fr\/medias\/sites\/4\/2026\/04\/terrazas-vista-al-lago.webp","width":1920,"height":1280,"caption":"Terrasses vue sur le Lac Nahuel Huapi"},{"@type":"BreadcrumbList","@id":"https:\/\/www.ollagua.com\/fr\/hebergements\/terrazas-vista-al-lago#breadcrumb","itemListElement":[{"@type":"ListItem","position":1,"name":"OLLAGUA","item":"https:\/\/www.ollagua.com\/fr\/"},{"@type":"ListItem","position":2,"name":"Les h\u00e9bergements","item":"https:\/\/www.ollagua.com\/fr\/hebergements"},{"@type":"ListItem","position":3,"name":"Terrazas Vista al Lago"}]},{"@type":"WebSite","@id":"https:\/\/www.ollagua.com\/fr\/#website","url":"https:\/\/www.ollagua.com\/fr\/","name":"OLLAGUA","description":"Vos prochaines vacances","publisher":{"@id":"https:\/\/www.ollagua.com\/fr\/#organization"},"alternateName":"Belle vue","potentialAction":[{"@type":"SearchAction","target":{"@type":"EntryPoint","urlTemplate":"https:\/\/www.ollagua.com\/fr\/?s={search_term_string}"},"query-input":{"@type":"PropertyValueSpecification","valueRequired":true,"valueName":"search_term_string"}}],"inLanguage":"fr-FR"},{"@type":"Organization","@id":"https:\/\/www.ollagua.com\/fr\/#organization","name":"OLLAGUA","alternateName":"Belle vue","url":"https:\/\/www.ollagua.com\/fr\/","logo":{"@type":"ImageObject","inLanguage":"fr-FR","@id":"https:\/\/www.ollagua.com\/fr\/#\/schema\/logo\/image\/","url":"https:\/\/www.ollagua.com\/fr\/medias\/sites\/4\/2026\/04\/Logo_Ollagua_Header.png","contentUrl":"https:\/\/www.ollagua.com\/fr\/medias\/sites\/4\/2026\/04\/Logo_Ollagua_Header.png","width":150,"height":50,"caption":"OLLAGUA"},"image":{"@id":"https:\/\/www.ollagua.com\/fr\/#\/schema\/logo\/image\/"},"sameAs":["https:\/\/www.facebook.com\/profile.php?id=100064207022827"]}]}},"_links":{"self":[{"href":"https:\/\/www.ollagua.com\/fr\/wp-json\/wp\/v2\/pages\/5635","targetHints":{"allow":["GET"]}}],"collection":[{"href":"https:\/\/www.ollagua.com\/fr\/wp-json\/wp\/v2\/pages"}],"about":[{"href":"https:\/\/www.ollagua.com\/fr\/wp-json\/wp\/v2\/types\/page"}],"author":[{"embeddable":true,"href":"https:\/\/www.ollagua.com\/fr\/wp-json\/wp\/v2\/users\/1"}],"replies":[{"embeddable":true,"href":"https:\/\/www.ollagua.com\/fr\/wp-json\/wp\/v2\/comments?post=5635"}],"version-history":[{"count":2,"href":"https:\/\/www.ollagua.com\/fr\/wp-json\/wp\/v2\/pages\/5635\/revisions"}],"predecessor-version":[{"id":7221,"href":"https:\/\/www.ollagua.com\/fr\/wp-json\/wp\/v2\/pages\/5635\/revisions\/7221"}],"up":[{"embeddable":true,"href":"https:\/\/www.ollagua.com\/fr\/wp-json\/wp\/v2\/pages\/48"}],"wp:featuredmedia":[{"embeddable":true,"href":"https:\/\/www.ollagua.com\/fr\/wp-json\/wp\/v2\/media\/7222"}],"wp:attachment":[{"href":"https:\/\/www.ollagua.com\/fr\/wp-json\/wp\/v2\/media?parent=5635"}],"curies":[{"name":"wp","href":"https:\/\/api.w.org\/{rel}","templated":true}]}}