{"id":4712,"date":"2025-10-10T09:55:34","date_gmt":"2025-10-10T12:55:34","guid":{"rendered":"https:\/\/www.ollagua.com\/?page_id=4712"},"modified":"2025-10-10T09:55:34","modified_gmt":"2025-10-10T12:55:34","slug":"politica-de-privacidad","status":"publish","type":"page","link":"https:\/\/www.ollagua.com\/fr\/politica-de-privacidad","title":{"rendered":"Pol\u00edtica de privacidad"},"content":{"rendered":"\n<div class=\"wp-block-getwid-section getwid-anim fadeInUpShort\" data-wow-duration=\"1500ms\" data-wow-delay=\"200ms\"><div class=\"wp-block-getwid-section__wrapper\"><div class=\"wp-block-getwid-section__inner-wrapper\"><div class=\"wp-block-getwid-section__background-holder\"><div class=\"wp-block-getwid-section__background\"><\/div><div class=\"wp-block-getwid-section__foreground\"><\/div><\/div><div class=\"wp-block-getwid-section__content\"><div class=\"wp-block-getwid-section__inner-content\">\n<h2 class=\"wp-block-heading\">Qui\u00e9nes somos<\/h2>\n\n\n\n<p>La direcci\u00f3n de nuestra web es: https:\/\/www.ollagua.com\/fr\/.<\/p>\n\n\n\n<h2 class=\"wp-block-heading\">Comentarios<\/h2>\n\n\n\n<p>Cuando los visitantes dejan comentarios en la web, recopilamos los datos que se muestran en el formulario de comentarios, as\u00ed como la direcci\u00f3n IP del visitante y la cadena de agentes de usuario del navegador, para ayudar a la detecci\u00f3n de spam.<\/p>\n\n\n\n<p>Una cadena an\u00f3nima creada a partir de tu direcci\u00f3n de correo electr\u00f3nico (tambi\u00e9n llamada hash) puede ser proporcionada al servicio de Gravatar para ver si la est\u00e1s usando. La pol\u00edtica de privacidad del servicio Gravatar est\u00e1 disponible en https:\/\/automattic.com\/privacy\/. Despu\u00e9s de la aprobaci\u00f3n de tu comentario, la imagen de tu perfil ser\u00e1 visible para el p\u00fablico en el contexto de su comentario.<\/p>\n\n\n\n<h2 class=\"wp-block-heading\">Multimedia<\/h2>\n\n\n\n<p>Si sub\u00eds im\u00e1genes a la web deber\u00edas evitar subir im\u00e1genes con datos de ubicaci\u00f3n (GPS EXIF) incluidos. Los visitantes de la web pueden descargar y extraer cualquier dato de localizaci\u00f3n de las im\u00e1genes de la web.<\/p>\n\n\n\n<h2 class=\"wp-block-heading\">Cookies<\/h2>\n\n\n\n<p>Si dej\u00e1s un comentario en nuestro sitio, puedes optar por guardar tu nombre, direcci\u00f3n de correo electr\u00f3nico y sitio web en las cookies. Estos son para tu conveniencia para que no tengas que volver a ingresar tus datos cuando dejes otro comentario. Estas cookies durar\u00e1n un a\u00f1o.<\/p>\n\n\n\n<p>Si ten\u00e9s una cuenta e inici\u00e1s sesi\u00f3n en este sitio, estableceremos una cookie temporal para determinar si tu navegador acepta cookies. Esta cookie no contiene datos personales y es descartada al cerrar el navegador.<\/p>\n\n\n\n<p>Cuando inici\u00e1s sesi\u00f3n, tambi\u00e9n configuraremos varias cookies para guardar tu informaci\u00f3n de inicio de sesi\u00f3n y tus opciones de visualizaci\u00f3n en pantalla. Las cookies de inicio de sesi\u00f3n duran dos d\u00edas y las cookies de opciones de pantalla duran un a\u00f1o. Si seleccion\u00e1s &#8220;Recordarme&#8221;, tu inicio de sesi\u00f3n se mantendr\u00e1 durante dos semanas. Si cerr\u00e1s la sesi\u00f3n, se eliminar\u00e1n las cookies de inicio de sesi\u00f3n.<\/p>\n\n\n\n<p>Si edit\u00e1s o public\u00e1s un art\u00edculo, se guardar\u00e1 una cookie adicional en tu navegador. Esta cookie no incluye datos personales y simplemente indica el ID de publicaci\u00f3n del art\u00edculo que acab\u00e1s de editar. Caduca despu\u00e9s de 1 d\u00eda.<\/p>\n\n\n\n<h2 class=\"wp-block-heading\">Contenido integrado procedente de otros sitios web<\/h2>\n\n\n\n<p>Los art\u00edculos en este sitio pueden incluir contenido incrustado (por ejemplo, videos, im\u00e1genes, art\u00edculos, etc.). El contenido incrustado de otros sitios web se comporta de la misma manera que si el visitante hubiera visitado el otro sitio web.<\/p>\n\n\n\n<p>Estos sitios web pueden recopilar tus datos, utilizar cookies, incrustar un sistema de seguimiento de terceros y supervisar tu interacci\u00f3n con ese contenido incrustado, incluyendo el rastreo de tu interacci\u00f3n con el contenido incrustado si ten\u00e9s una cuenta y est\u00e1s conectado a ese sitio web.<\/p>\n\n\n\n<h2 class=\"wp-block-heading\">Con qui\u00e9n compartimos datos<\/h2>\n\n\n\n<p>Si solicit\u00e1s un restablecimiento de contrase\u00f1a, tu direcci\u00f3n IP ser\u00e1 incluida en el correo electr\u00f3nico de restablecimiento.<\/p>\n\n\n\n<h2 class=\"wp-block-heading\">Cu\u00e1nto tiempo guardamos tus datos<\/h2>\n\n\n\n<p>Si dej\u00e1s un comentario, el comentario y sus metadatos se conservan indefinidamente. Esto es para que podamos reconocer y aprobar cualquier comentario de seguimiento de forma autom\u00e1tica en lugar de mantenerlos en una cola de moderaci\u00f3n.<\/p>\n\n\n\n<p>Para los usuarios que se registran en nuestro sitio web (si corresponde), tambi\u00e9n almacenamos la informaci\u00f3n personal que proporcionan en su perfil de usuario. Todos los usuarios pueden ver, editar o eliminar su informaci\u00f3n personal en cualquier momento (excepto que no pueden cambiar su nombre de usuario). Los administradores del sitio web tambi\u00e9n pueden ver y editar esa informaci\u00f3n.<\/p>\n\n\n\n<h2 class=\"wp-block-heading\">Qu\u00e9 derechos ten\u00e9s sobre tus datos<\/h2>\n\n\n\n<p>Si ten\u00e9s una cuenta en este sitio o has dejado comentarios, puedes solicitar un archivo exportado de los datos personales tuyos que tenemos, incluidos los datos que nos hayas proporcionado. Tambi\u00e9n puedes solicitar que borremos cualquier dato personal tuyo que tengamos. Esto no incluye datos que estamos obligados a mantener para fines administrativos, legales o de seguridad.<\/p>\n\n\n\n<h2 class=\"wp-block-heading\">D\u00f3nde se env\u00edan tus datos<\/h2>\n\n\n\n<p>Los comentarios de los visitantes se pueden verificar a trav\u00e9s de un servicio autom\u00e1tico de detecci\u00f3n de spam.<\/p>\n<\/div><\/div><\/div><\/div><\/div>\n","protected":false},"excerpt":{"rendered":"<p>La direcci\u00f3n de nuestra web es: https:\/\/www.ollagua.com\/fr\/.<\/p>\n","protected":false},"author":1,"featured_media":4368,"parent":0,"menu_order":0,"comment_status":"closed","ping_status":"closed","template":"template-canvas-header-wide-page.php","meta":{"inline_featured_image":false,"footnotes":""},"class_list":["post-4712","page","type-page","status-publish","has-post-thumbnail","hentry"],"yoast_head":"<title>Pol\u00edtica de privacidad - OLLAGUA<\/title>\n<meta name=\"description\" content=\"Pol\u00edtica de privacidad del sitio web Ollagua.com: Alquileres de departamentos y casas para tus vacaciones en San Carlos de Bariloche\" \/>\n<meta name=\"robots\" content=\"index, follow, max-snippet:-1, max-image-preview:large, max-video-preview:-1\" \/>\n<link rel=\"canonical\" href=\"https:\/\/www.ollagua.com\/fr\/politica-de-privacidad\" \/>\n<meta property=\"og:locale\" content=\"fr_FR\" \/>\n<meta property=\"og:type\" content=\"article\" \/>\n<meta property=\"og:title\" content=\"Pol\u00edtica de privacidad - OLLAGUA\" \/>\n<meta property=\"og:description\" content=\"Pol\u00edtica de privacidad del sitio web Ollagua.com: Alquileres de departamentos y casas para tus vacaciones en San Carlos de Bariloche\" \/>\n<meta property=\"og:url\" content=\"https:\/\/www.ollagua.com\/fr\/politica-de-privacidad\" \/>\n<meta property=\"og:site_name\" content=\"OLLAGUA\" \/>\n<meta property=\"article:publisher\" content=\"https:\/\/www.facebook.com\/profile.php?id=100064207022827\" \/>\n<meta property=\"og:image\" content=\"https:\/\/www.ollagua.com\/fr\/medias\/sites\/4\/2026\/04\/balcon-premium_1.webp\" \/>\n\t<meta property=\"og:image:width\" content=\"1920\" \/>\n\t<meta property=\"og:image:height\" content=\"1280\" \/>\n\t<meta property=\"og:image:type\" content=\"image\/webp\" \/>\n<meta name=\"twitter:card\" content=\"summary_large_image\" \/>\n<meta name=\"twitter:label1\" content=\"Dur\u00e9e de lecture estim\u00e9e\" \/>\n\t<meta name=\"twitter:data1\" content=\"4 minutes\" \/>\n<script type=\"application\/ld+json\">{\"@context\":\"https:\\\/\\\/schema.org\",\"@graph\":[{\"@type\":\"WebPage\",\"@id\":\"https:\\\/\\\/www.ollagua.com\\\/fr\\\/politica-de-privacidad\",\"url\":\"https:\\\/\\\/www.ollagua.com\\\/fr\\\/politica-de-privacidad\",\"name\":\"Pol\u00edtica de privacidad - OLLAGUA\",\"isPartOf\":{\"@id\":\"https:\\\/\\\/www.ollagua.com\\\/fr\\\/#website\"},\"primaryImageOfPage\":{\"@id\":\"https:\\\/\\\/www.ollagua.com\\\/fr\\\/politica-de-privacidad#primaryimage\"},\"image\":{\"@id\":\"https:\\\/\\\/www.ollagua.com\\\/fr\\\/politica-de-privacidad#primaryimage\"},\"thumbnailUrl\":\"\",\"datePublished\":\"2025-10-10T12:55:34+00:00\",\"description\":\"Pol\u00edtica de privacidad del sitio web Ollagua.com: Alquileres de departamentos y casas para tus vacaciones en San Carlos de Bariloche\",\"breadcrumb\":{\"@id\":\"https:\\\/\\\/www.ollagua.com\\\/fr\\\/politica-de-privacidad#breadcrumb\"},\"inLanguage\":\"fr-FR\",\"potentialAction\":[{\"@type\":\"ReadAction\",\"target\":[\"https:\\\/\\\/www.ollagua.com\\\/fr\\\/politica-de-privacidad\"]}]},{\"@type\":\"ImageObject\",\"inLanguage\":\"fr-FR\",\"@id\":\"https:\\\/\\\/www.ollagua.com\\\/fr\\\/politica-de-privacidad#primaryimage\",\"url\":\"\",\"contentUrl\":\"\"},{\"@type\":\"BreadcrumbList\",\"@id\":\"https:\\\/\\\/www.ollagua.com\\\/fr\\\/politica-de-privacidad#breadcrumb\",\"itemListElement\":[{\"@type\":\"ListItem\",\"position\":1,\"name\":\"OLLAGUA\",\"item\":\"https:\\\/\\\/www.ollagua.com\\\/fr\\\/\"},{\"@type\":\"ListItem\",\"position\":2,\"name\":\"Pol\u00edtica de privacidad\"}]},{\"@type\":\"WebSite\",\"@id\":\"https:\\\/\\\/www.ollagua.com\\\/fr\\\/#website\",\"url\":\"https:\\\/\\\/www.ollagua.com\\\/fr\\\/\",\"name\":\"OLLAGUA\",\"description\":\"Vos prochaines vacances\",\"publisher\":{\"@id\":\"https:\\\/\\\/www.ollagua.com\\\/fr\\\/#organization\"},\"alternateName\":\"Belle vue\",\"potentialAction\":[{\"@type\":\"SearchAction\",\"target\":{\"@type\":\"EntryPoint\",\"urlTemplate\":\"https:\\\/\\\/www.ollagua.com\\\/fr\\\/?s={search_term_string}\"},\"query-input\":{\"@type\":\"PropertyValueSpecification\",\"valueRequired\":true,\"valueName\":\"search_term_string\"}}],\"inLanguage\":\"fr-FR\"},{\"@type\":\"Organization\",\"@id\":\"https:\\\/\\\/www.ollagua.com\\\/fr\\\/#organization\",\"name\":\"OLLAGUA\",\"alternateName\":\"Belle vue\",\"url\":\"https:\\\/\\\/www.ollagua.com\\\/fr\\\/\",\"logo\":{\"@type\":\"ImageObject\",\"inLanguage\":\"fr-FR\",\"@id\":\"https:\\\/\\\/www.ollagua.com\\\/fr\\\/#\\\/schema\\\/logo\\\/image\\\/\",\"url\":\"https:\\\/\\\/www.ollagua.com\\\/fr\\\/medias\\\/sites\\\/4\\\/2026\\\/04\\\/Logo_Ollagua_Header.png\",\"contentUrl\":\"https:\\\/\\\/www.ollagua.com\\\/fr\\\/medias\\\/sites\\\/4\\\/2026\\\/04\\\/Logo_Ollagua_Header.png\",\"width\":150,\"height\":50,\"caption\":\"OLLAGUA\"},\"image\":{\"@id\":\"https:\\\/\\\/www.ollagua.com\\\/fr\\\/#\\\/schema\\\/logo\\\/image\\\/\"},\"sameAs\":[\"https:\\\/\\\/www.facebook.com\\\/profile.php?id=100064207022827\"]}]}<\/script>","yoast_head_json":{"title":"Pol\u00edtica de privacidad - OLLAGUA","description":"Pol\u00edtica de privacidad del sitio web Ollagua.com: Alquileres de departamentos y casas para tus vacaciones en San Carlos de Bariloche","robots":{"index":"index","follow":"follow","max-snippet":"max-snippet:-1","max-image-preview":"max-image-preview:large","max-video-preview":"max-video-preview:-1"},"canonical":"https:\/\/www.ollagua.com\/fr\/politica-de-privacidad","og_locale":"fr_FR","og_type":"article","og_title":"Pol\u00edtica de privacidad - OLLAGUA","og_description":"Pol\u00edtica de privacidad del sitio web Ollagua.com: Alquileres de departamentos y casas para tus vacaciones en San Carlos de Bariloche","og_url":"https:\/\/www.ollagua.com\/fr\/politica-de-privacidad","og_site_name":"OLLAGUA","article_publisher":"https:\/\/www.facebook.com\/profile.php?id=100064207022827","og_image":[{"width":1920,"height":1280,"url":"https:\/\/www.ollagua.com\/fr\/medias\/sites\/4\/2026\/04\/balcon-premium_1.webp","type":"image\/webp"}],"twitter_card":"summary_large_image","twitter_misc":{"Dur\u00e9e de lecture estim\u00e9e":"4 minutes"},"schema":{"@context":"https:\/\/schema.org","@graph":[{"@type":"WebPage","@id":"https:\/\/www.ollagua.com\/fr\/politica-de-privacidad","url":"https:\/\/www.ollagua.com\/fr\/politica-de-privacidad","name":"Pol\u00edtica de privacidad - OLLAGUA","isPartOf":{"@id":"https:\/\/www.ollagua.com\/fr\/#website"},"primaryImageOfPage":{"@id":"https:\/\/www.ollagua.com\/fr\/politica-de-privacidad#primaryimage"},"image":{"@id":"https:\/\/www.ollagua.com\/fr\/politica-de-privacidad#primaryimage"},"thumbnailUrl":"","datePublished":"2025-10-10T12:55:34+00:00","description":"Pol\u00edtica de privacidad del sitio web Ollagua.com: Alquileres de departamentos y casas para tus vacaciones en San Carlos de Bariloche","breadcrumb":{"@id":"https:\/\/www.ollagua.com\/fr\/politica-de-privacidad#breadcrumb"},"inLanguage":"fr-FR","potentialAction":[{"@type":"ReadAction","target":["https:\/\/www.ollagua.com\/fr\/politica-de-privacidad"]}]},{"@type":"ImageObject","inLanguage":"fr-FR","@id":"https:\/\/www.ollagua.com\/fr\/politica-de-privacidad#primaryimage","url":"","contentUrl":""},{"@type":"BreadcrumbList","@id":"https:\/\/www.ollagua.com\/fr\/politica-de-privacidad#breadcrumb","itemListElement":[{"@type":"ListItem","position":1,"name":"OLLAGUA","item":"https:\/\/www.ollagua.com\/fr\/"},{"@type":"ListItem","position":2,"name":"Pol\u00edtica de privacidad"}]},{"@type":"WebSite","@id":"https:\/\/www.ollagua.com\/fr\/#website","url":"https:\/\/www.ollagua.com\/fr\/","name":"OLLAGUA","description":"Vos prochaines vacances","publisher":{"@id":"https:\/\/www.ollagua.com\/fr\/#organization"},"alternateName":"Belle vue","potentialAction":[{"@type":"SearchAction","target":{"@type":"EntryPoint","urlTemplate":"https:\/\/www.ollagua.com\/fr\/?s={search_term_string}"},"query-input":{"@type":"PropertyValueSpecification","valueRequired":true,"valueName":"search_term_string"}}],"inLanguage":"fr-FR"},{"@type":"Organization","@id":"https:\/\/www.ollagua.com\/fr\/#organization","name":"OLLAGUA","alternateName":"Belle vue","url":"https:\/\/www.ollagua.com\/fr\/","logo":{"@type":"ImageObject","inLanguage":"fr-FR","@id":"https:\/\/www.ollagua.com\/fr\/#\/schema\/logo\/image\/","url":"https:\/\/www.ollagua.com\/fr\/medias\/sites\/4\/2026\/04\/Logo_Ollagua_Header.png","contentUrl":"https:\/\/www.ollagua.com\/fr\/medias\/sites\/4\/2026\/04\/Logo_Ollagua_Header.png","width":150,"height":50,"caption":"OLLAGUA"},"image":{"@id":"https:\/\/www.ollagua.com\/fr\/#\/schema\/logo\/image\/"},"sameAs":["https:\/\/www.facebook.com\/profile.php?id=100064207022827"]}]}},"_links":{"self":[{"href":"https:\/\/www.ollagua.com\/fr\/wp-json\/wp\/v2\/pages\/4712","targetHints":{"allow":["GET"]}}],"collection":[{"href":"https:\/\/www.ollagua.com\/fr\/wp-json\/wp\/v2\/pages"}],"about":[{"href":"https:\/\/www.ollagua.com\/fr\/wp-json\/wp\/v2\/types\/page"}],"author":[{"embeddable":true,"href":"https:\/\/www.ollagua.com\/fr\/wp-json\/wp\/v2\/users\/1"}],"replies":[{"embeddable":true,"href":"https:\/\/www.ollagua.com\/fr\/wp-json\/wp\/v2\/comments?post=4712"}],"version-history":[{"count":0,"href":"https:\/\/www.ollagua.com\/fr\/wp-json\/wp\/v2\/pages\/4712\/revisions"}],"wp:featuredmedia":[{"embeddable":true,"href":"https:\/\/www.ollagua.com\/fr\/wp-json\/"}],"wp:attachment":[{"href":"https:\/\/www.ollagua.com\/fr\/wp-json\/wp\/v2\/media?parent=4712"}],"curies":[{"name":"wp","href":"https:\/\/api.w.org\/{rel}","templated":true}]}}