{"id":30,"date":"2026-03-31T10:27:15","date_gmt":"2026-03-31T13:27:15","guid":{"rendered":"https:\/\/themes.getmotopress.com\/booklium-tiny-home\/?page_id=30"},"modified":"2026-04-10T17:01:43","modified_gmt":"2026-04-10T15:01:43","slug":"a-propos-de-nous","status":"publish","type":"page","link":"https:\/\/www.ollagua.com\/fr\/a-propos-de-nous","title":{"rendered":"\u00c0 propos de nous"},"content":{"rendered":"\n<div class=\"wp-block-getwid-advanced-heading page-loc\" style=\"margin-top:0px\"><h2 class=\"wp-block-getwid-advanced-heading__content\" style=\"text-align:center;font-family:&quot;Caudex&quot;;font-weight:700\">Qui sommes-nous ?<\/h2><\/div>\n\n\n\n<p>Nous sommes une \u00e9quipe de 6 personnes soucieuses du moindre d\u00e9tail, avec une mission claire : faire en sorte que nos h\u00f4tes vivent une exp\u00e9rience inoubliable dans chacun de nos h\u00e9bergements, qu&#8217;ils nous recommandent et qu&#8217;ils reviennent chez nous.<\/p>\n\n\n\n<p>Cela fait d\u00e9j\u00e0 plus de 20 ans que nous sommes install\u00e9s ici \u00e0 <a href=\"https:\/\/www.ollagua.com\/fr\/bariloche\" type=\"page\" id=\"36\">Bariloche<\/a>, dans ce paradis unique qu&#8217;est la Patagonie. Pour nous, c&#8217;\u00e9tait un choix de vie : vivre ici, prendre soin de cette r\u00e9gion et profiter de tous les paysages et de toutes les richesses qu\u2019elle a \u00e0 offrir.<\/p>\n\n\n\n<p>Tout naturellement, nous avons eu envie de partager cette exp\u00e9rience qui nous a permis de dormir, de manger et de profiter d&#8217;un h\u00e9bergement dans un cadre extraordinaire. Admirer le lac, les montagnes enneig\u00e9es, les nuages \u00e9tir\u00e9s, les couchers de soleil, sentir le vent, les rayons du soleil, voir la neige tomber, \u00e9couter la pluie, observer les couleurs de l&#8217;automne, profiter des eaux cristallines en \u00e9t\u00e9, se d\u00e9tendre, se ressourcer, pouvoir partager toutes ces sensations avec des amis et la famille.<\/p>\n\n\n\n<p>C&#8217;est tout cela qui nous a amen\u00e9s ici, et c&#8217;est ce que nous souhaitons vous faire d\u00e9couvrir gr\u00e2ce \u00e0 un h\u00e9bergement qui vous offrira tout le confort n\u00e9cessaire. De plus, nous sommes polyvalents et pouvons vous proposer diverses activit\u00e9s telles que la m\u00e9ditation, le yoga, des excursions, des s\u00e9ances photo et bien plus encore. Nous accordons une grande importance \u00e0 l&#8217;honn\u00eatet\u00e9, \u00e0 la confiance et \u00e0 la qualit\u00e9 dans tout ce que nous faisons.<\/p>\n\n\n\n<blockquote class=\"wp-block-quote is-layout-flow wp-block-quote-is-layout-flow\">\n<p>Nous vous attendons !<\/p>\n<\/blockquote>\n\n\n\n<div class=\"wp-block-getwid-section getwid-anim fadeInUpShort\" data-wow-duration=\"1500ms\" data-wow-delay=\"200ms\"><div class=\"wp-block-getwid-section__wrapper getwid-padding-top-none getwid-padding-bottom-none getwid-padding-left-none getwid-padding-right-none\"><div class=\"wp-block-getwid-section__inner-wrapper\"><div class=\"wp-block-getwid-section__background-holder\"><div class=\"wp-block-getwid-section__background\"><\/div><div class=\"wp-block-getwid-section__foreground\"><\/div><\/div><div class=\"wp-block-getwid-section__content\"><div class=\"wp-block-getwid-section__inner-content\">\n<figure class=\"wp-block-image size-full\"><img decoding=\"async\" src=\"https:\/\/www.ollagua.com\/fr\/medias\/2026\/04\/quienes-somos-ollagua.webp\" alt=\"Sobre nosotros Ollagua\" class=\"wp-image-6874\"\/><\/figure>\n<\/div><\/div><\/div><\/div><\/div>\n","protected":false},"excerpt":{"rendered":"<p>Location d&#8217;h\u00e9bergements de vacances \u00e0 Bariloche, l&#8217;une des plus belles destinations d&#8217;Argentine.<\/p>\n","protected":false},"author":1,"featured_media":7163,"parent":0,"menu_order":0,"comment_status":"closed","ping_status":"closed","template":"template-canvas-header-wide-page.php","meta":{"inline_featured_image":false,"footnotes":""},"class_list":["post-30","page","type-page","status-publish","has-post-thumbnail","hentry"],"yoast_head":"<title>\u00c0 propos de nous - OLLAGUA<\/title>\n<meta name=\"description\" content=\"Nous sommes l&#039;un des principaux sp\u00e9cialistes de la location saisonni\u00e8re \u00e0 Bariloche, l&#039;une des plus belles destinations d&#039;Argentine\" \/>\n<meta name=\"robots\" content=\"index, follow, max-snippet:-1, max-image-preview:large, max-video-preview:-1\" \/>\n<link rel=\"canonical\" href=\"https:\/\/www.ollagua.com\/fr\/a-propos-de-nous\" \/>\n<meta property=\"og:locale\" content=\"fr_FR\" \/>\n<meta property=\"og:type\" content=\"article\" \/>\n<meta property=\"og:title\" content=\"\u00c0 propos de nous - OLLAGUA\" \/>\n<meta property=\"og:description\" content=\"Nous sommes l&#039;un des principaux sp\u00e9cialistes de la location saisonni\u00e8re \u00e0 Bariloche, l&#039;une des plus belles destinations d&#039;Argentine\" \/>\n<meta property=\"og:url\" content=\"https:\/\/www.ollagua.com\/fr\/a-propos-de-nous\" \/>\n<meta property=\"og:site_name\" content=\"OLLAGUA\" \/>\n<meta property=\"article:publisher\" content=\"https:\/\/www.facebook.com\/profile.php?id=100064207022827\" \/>\n<meta property=\"article:modified_time\" content=\"2026-04-10T15:01:43+00:00\" \/>\n<meta property=\"og:image\" content=\"https:\/\/www.ollagua.com\/fr\/medias\/sites\/4\/2026\/04\/paseo-junto-al-lago-moreno_14.webp\" \/>\n\t<meta property=\"og:image:width\" content=\"1920\" \/>\n\t<meta property=\"og:image:height\" content=\"1280\" \/>\n\t<meta property=\"og:image:type\" content=\"image\/webp\" \/>\n<meta name=\"twitter:card\" content=\"summary_large_image\" \/>\n<meta name=\"twitter:label1\" content=\"Dur\u00e9e de lecture estim\u00e9e\" \/>\n\t<meta name=\"twitter:data1\" content=\"2 minutes\" \/>\n<script type=\"application\/ld+json\">{\"@context\":\"https:\\\/\\\/schema.org\",\"@graph\":[{\"@type\":\"WebPage\",\"@id\":\"https:\\\/\\\/www.ollagua.com\\\/fr\\\/a-propos-de-nous\",\"url\":\"https:\\\/\\\/www.ollagua.com\\\/fr\\\/a-propos-de-nous\",\"name\":\"\u00c0 propos de nous - OLLAGUA\",\"isPartOf\":{\"@id\":\"https:\\\/\\\/www.ollagua.com\\\/fr\\\/#website\"},\"primaryImageOfPage\":{\"@id\":\"https:\\\/\\\/www.ollagua.com\\\/fr\\\/a-propos-de-nous#primaryimage\"},\"image\":{\"@id\":\"https:\\\/\\\/www.ollagua.com\\\/fr\\\/a-propos-de-nous#primaryimage\"},\"thumbnailUrl\":\"https:\\\/\\\/www.ollagua.com\\\/fr\\\/medias\\\/sites\\\/4\\\/2026\\\/04\\\/paseo-junto-al-lago-moreno_14.webp\",\"datePublished\":\"2026-03-31T13:27:15+00:00\",\"dateModified\":\"2026-04-10T15:01:43+00:00\",\"description\":\"Nous sommes l'un des principaux sp\u00e9cialistes de la location saisonni\u00e8re \u00e0 Bariloche, l'une des plus belles destinations d'Argentine\",\"breadcrumb\":{\"@id\":\"https:\\\/\\\/www.ollagua.com\\\/fr\\\/a-propos-de-nous#breadcrumb\"},\"inLanguage\":\"fr-FR\",\"potentialAction\":[{\"@type\":\"ReadAction\",\"target\":[\"https:\\\/\\\/www.ollagua.com\\\/fr\\\/a-propos-de-nous\"]}]},{\"@type\":\"ImageObject\",\"inLanguage\":\"fr-FR\",\"@id\":\"https:\\\/\\\/www.ollagua.com\\\/fr\\\/a-propos-de-nous#primaryimage\",\"url\":\"https:\\\/\\\/www.ollagua.com\\\/fr\\\/medias\\\/sites\\\/4\\\/2026\\\/04\\\/paseo-junto-al-lago-moreno_14.webp\",\"contentUrl\":\"https:\\\/\\\/www.ollagua.com\\\/fr\\\/medias\\\/sites\\\/4\\\/2026\\\/04\\\/paseo-junto-al-lago-moreno_14.webp\",\"width\":1920,\"height\":1280,\"caption\":\"Promenades autour du lac Moreno\"},{\"@type\":\"BreadcrumbList\",\"@id\":\"https:\\\/\\\/www.ollagua.com\\\/fr\\\/a-propos-de-nous#breadcrumb\",\"itemListElement\":[{\"@type\":\"ListItem\",\"position\":1,\"name\":\"OLLAGUA\",\"item\":\"https:\\\/\\\/www.ollagua.com\\\/fr\\\/\"},{\"@type\":\"ListItem\",\"position\":2,\"name\":\"\u00c0 propos de nous\"}]},{\"@type\":\"WebSite\",\"@id\":\"https:\\\/\\\/www.ollagua.com\\\/fr\\\/#website\",\"url\":\"https:\\\/\\\/www.ollagua.com\\\/fr\\\/\",\"name\":\"OLLAGUA\",\"description\":\"Vos prochaines vacances\",\"publisher\":{\"@id\":\"https:\\\/\\\/www.ollagua.com\\\/fr\\\/#organization\"},\"alternateName\":\"Belle vue\",\"potentialAction\":[{\"@type\":\"SearchAction\",\"target\":{\"@type\":\"EntryPoint\",\"urlTemplate\":\"https:\\\/\\\/www.ollagua.com\\\/fr\\\/?s={search_term_string}\"},\"query-input\":{\"@type\":\"PropertyValueSpecification\",\"valueRequired\":true,\"valueName\":\"search_term_string\"}}],\"inLanguage\":\"fr-FR\"},{\"@type\":\"Organization\",\"@id\":\"https:\\\/\\\/www.ollagua.com\\\/fr\\\/#organization\",\"name\":\"OLLAGUA\",\"alternateName\":\"Belle vue\",\"url\":\"https:\\\/\\\/www.ollagua.com\\\/fr\\\/\",\"logo\":{\"@type\":\"ImageObject\",\"inLanguage\":\"fr-FR\",\"@id\":\"https:\\\/\\\/www.ollagua.com\\\/fr\\\/#\\\/schema\\\/logo\\\/image\\\/\",\"url\":\"https:\\\/\\\/www.ollagua.com\\\/fr\\\/medias\\\/sites\\\/4\\\/2026\\\/04\\\/Logo_Ollagua_Header.png\",\"contentUrl\":\"https:\\\/\\\/www.ollagua.com\\\/fr\\\/medias\\\/sites\\\/4\\\/2026\\\/04\\\/Logo_Ollagua_Header.png\",\"width\":150,\"height\":50,\"caption\":\"OLLAGUA\"},\"image\":{\"@id\":\"https:\\\/\\\/www.ollagua.com\\\/fr\\\/#\\\/schema\\\/logo\\\/image\\\/\"},\"sameAs\":[\"https:\\\/\\\/www.facebook.com\\\/profile.php?id=100064207022827\"]}]}<\/script>","yoast_head_json":{"title":"\u00c0 propos de nous - OLLAGUA","description":"Nous sommes l'un des principaux sp\u00e9cialistes de la location saisonni\u00e8re \u00e0 Bariloche, l'une des plus belles destinations d'Argentine","robots":{"index":"index","follow":"follow","max-snippet":"max-snippet:-1","max-image-preview":"max-image-preview:large","max-video-preview":"max-video-preview:-1"},"canonical":"https:\/\/www.ollagua.com\/fr\/a-propos-de-nous","og_locale":"fr_FR","og_type":"article","og_title":"\u00c0 propos de nous - OLLAGUA","og_description":"Nous sommes l'un des principaux sp\u00e9cialistes de la location saisonni\u00e8re \u00e0 Bariloche, l'une des plus belles destinations d'Argentine","og_url":"https:\/\/www.ollagua.com\/fr\/a-propos-de-nous","og_site_name":"OLLAGUA","article_publisher":"https:\/\/www.facebook.com\/profile.php?id=100064207022827","article_modified_time":"2026-04-10T15:01:43+00:00","og_image":[{"width":1920,"height":1280,"url":"https:\/\/www.ollagua.com\/fr\/medias\/sites\/4\/2026\/04\/paseo-junto-al-lago-moreno_14.webp","type":"image\/webp"}],"twitter_card":"summary_large_image","twitter_misc":{"Dur\u00e9e de lecture estim\u00e9e":"2 minutes"},"schema":{"@context":"https:\/\/schema.org","@graph":[{"@type":"WebPage","@id":"https:\/\/www.ollagua.com\/fr\/a-propos-de-nous","url":"https:\/\/www.ollagua.com\/fr\/a-propos-de-nous","name":"\u00c0 propos de nous - OLLAGUA","isPartOf":{"@id":"https:\/\/www.ollagua.com\/fr\/#website"},"primaryImageOfPage":{"@id":"https:\/\/www.ollagua.com\/fr\/a-propos-de-nous#primaryimage"},"image":{"@id":"https:\/\/www.ollagua.com\/fr\/a-propos-de-nous#primaryimage"},"thumbnailUrl":"https:\/\/www.ollagua.com\/fr\/medias\/sites\/4\/2026\/04\/paseo-junto-al-lago-moreno_14.webp","datePublished":"2026-03-31T13:27:15+00:00","dateModified":"2026-04-10T15:01:43+00:00","description":"Nous sommes l'un des principaux sp\u00e9cialistes de la location saisonni\u00e8re \u00e0 Bariloche, l'une des plus belles destinations d'Argentine","breadcrumb":{"@id":"https:\/\/www.ollagua.com\/fr\/a-propos-de-nous#breadcrumb"},"inLanguage":"fr-FR","potentialAction":[{"@type":"ReadAction","target":["https:\/\/www.ollagua.com\/fr\/a-propos-de-nous"]}]},{"@type":"ImageObject","inLanguage":"fr-FR","@id":"https:\/\/www.ollagua.com\/fr\/a-propos-de-nous#primaryimage","url":"https:\/\/www.ollagua.com\/fr\/medias\/sites\/4\/2026\/04\/paseo-junto-al-lago-moreno_14.webp","contentUrl":"https:\/\/www.ollagua.com\/fr\/medias\/sites\/4\/2026\/04\/paseo-junto-al-lago-moreno_14.webp","width":1920,"height":1280,"caption":"Promenades autour du lac Moreno"},{"@type":"BreadcrumbList","@id":"https:\/\/www.ollagua.com\/fr\/a-propos-de-nous#breadcrumb","itemListElement":[{"@type":"ListItem","position":1,"name":"OLLAGUA","item":"https:\/\/www.ollagua.com\/fr\/"},{"@type":"ListItem","position":2,"name":"\u00c0 propos de nous"}]},{"@type":"WebSite","@id":"https:\/\/www.ollagua.com\/fr\/#website","url":"https:\/\/www.ollagua.com\/fr\/","name":"OLLAGUA","description":"Vos prochaines vacances","publisher":{"@id":"https:\/\/www.ollagua.com\/fr\/#organization"},"alternateName":"Belle vue","potentialAction":[{"@type":"SearchAction","target":{"@type":"EntryPoint","urlTemplate":"https:\/\/www.ollagua.com\/fr\/?s={search_term_string}"},"query-input":{"@type":"PropertyValueSpecification","valueRequired":true,"valueName":"search_term_string"}}],"inLanguage":"fr-FR"},{"@type":"Organization","@id":"https:\/\/www.ollagua.com\/fr\/#organization","name":"OLLAGUA","alternateName":"Belle vue","url":"https:\/\/www.ollagua.com\/fr\/","logo":{"@type":"ImageObject","inLanguage":"fr-FR","@id":"https:\/\/www.ollagua.com\/fr\/#\/schema\/logo\/image\/","url":"https:\/\/www.ollagua.com\/fr\/medias\/sites\/4\/2026\/04\/Logo_Ollagua_Header.png","contentUrl":"https:\/\/www.ollagua.com\/fr\/medias\/sites\/4\/2026\/04\/Logo_Ollagua_Header.png","width":150,"height":50,"caption":"OLLAGUA"},"image":{"@id":"https:\/\/www.ollagua.com\/fr\/#\/schema\/logo\/image\/"},"sameAs":["https:\/\/www.facebook.com\/profile.php?id=100064207022827"]}]}},"_links":{"self":[{"href":"https:\/\/www.ollagua.com\/fr\/wp-json\/wp\/v2\/pages\/30","targetHints":{"allow":["GET"]}}],"collection":[{"href":"https:\/\/www.ollagua.com\/fr\/wp-json\/wp\/v2\/pages"}],"about":[{"href":"https:\/\/www.ollagua.com\/fr\/wp-json\/wp\/v2\/types\/page"}],"author":[{"embeddable":true,"href":"https:\/\/www.ollagua.com\/fr\/wp-json\/wp\/v2\/users\/1"}],"replies":[{"embeddable":true,"href":"https:\/\/www.ollagua.com\/fr\/wp-json\/wp\/v2\/comments?post=30"}],"version-history":[{"count":4,"href":"https:\/\/www.ollagua.com\/fr\/wp-json\/wp\/v2\/pages\/30\/revisions"}],"predecessor-version":[{"id":7205,"href":"https:\/\/www.ollagua.com\/fr\/wp-json\/wp\/v2\/pages\/30\/revisions\/7205"}],"wp:featuredmedia":[{"embeddable":true,"href":"https:\/\/www.ollagua.com\/fr\/wp-json\/wp\/v2\/media\/7163"}],"wp:attachment":[{"href":"https:\/\/www.ollagua.com\/fr\/wp-json\/wp\/v2\/media?parent=30"}],"curies":[{"name":"wp","href":"https:\/\/api.w.org\/{rel}","templated":true}]}}